{"id":2,"date":"2022-06-07T17:20:54","date_gmt":"2022-06-07T17:20:54","guid":{"rendered":"https:\/\/lfleming.com.br\/site\/?page_id=2"},"modified":"2022-09-12T09:04:01","modified_gmt":"2022-09-12T12:04:01","slug":"home","status":"publish","type":"page","link":"https:\/\/lfleming.com.br\/site\/","title":{"rendered":"HOME"},"content":{"rendered":"<p>[vc_row content_placement=&#8221;top&#8221; css=&#8221;.vc_custom_1654780514547{margin-top: -81px !important;}&#8221; el_id=&#8221;firsLine&#8221;][vc_column width=&#8221;1\/4&#8243;][vc_column_text el_class=&#8221;featured-widget&#8221; css=&#8221;.vc_custom_1654890329638{padding-top: 30px !important;padding-right: 30px !important;padding-bottom: 30px !important;padding-left: 30px !important;}&#8221;]<\/p>\n<h3><span style=\"color: #397c88;\">CENTRAL DE ATENDIMENTO<\/span><\/h3>\n<h2>(49) 3246-2411<\/h2>\n<p><a class=\"read-more\" href=\"https:\/\/lfleming.com.br\/site\/sobre-nos\">FALE CONOSCO<\/a>[\/vc_column_text][\/vc_column][vc_column width=&#8221;1\/4&#8243;][vc_column_text css=&#8221;.vc_custom_1654952350571{padding-top: 15px !important;padding-right: 15px !important;padding-bottom: 15px !important;padding-left: 15px !important;}&#8221; el_class=&#8221;destaque&#8221;]<img decoding=\"async\" loading=\"lazy\" class=\"alignnone wp-image-362 size-medium\" src=\"https:\/\/lfleming.com.br\/site\/wp-content\/uploads\/2022\/06\/Card-Exames-300x200.jpg\" alt=\"\" width=\"300\" height=\"200\" srcset=\"https:\/\/lfleming.com.br\/site\/wp-content\/uploads\/2022\/06\/Card-Exames-300x200.jpg 300w, https:\/\/lfleming.com.br\/site\/wp-content\/uploads\/2022\/06\/Card-Exames-1024x683.jpg 1024w, https:\/\/lfleming.com.br\/site\/wp-content\/uploads\/2022\/06\/Card-Exames-768x512.jpg 768w, https:\/\/lfleming.com.br\/site\/wp-content\/uploads\/2022\/06\/Card-Exames-1536x1024.jpg 1536w, https:\/\/lfleming.com.br\/site\/wp-content\/uploads\/2022\/06\/Card-Exames-2048x1365.jpg 2048w, https:\/\/lfleming.com.br\/site\/wp-content\/uploads\/2022\/06\/Card-Exames-360x240.jpg 360w\" sizes=\"(max-width: 300px) 100vw, 300px\" \/><\/p>\n<h3>EXAMES<\/h3>\n<p>O Fleming An\u00e1lises Clinicas oferece mais de 1.000 exames laboratoriais, de medicina ocupacional, testes de paternidade, biologia molecular e toxicol\u00f3gicos. Conhe\u00e7a um pouco mais sobre n\u00f3s!<\/p>\n<p><a class=\"read-more\" href=\"https:\/\/lfleming.com.br\/site\/exames\">SAIBA MAIS<\/a>[\/vc_column_text][\/vc_column][vc_column width=&#8221;1\/4&#8243;][vc_column_text css=&#8221;.vc_custom_1654952372216{padding-top: 15px !important;padding-right: 15px !important;padding-bottom: 15px !important;padding-left: 15px !important;}&#8221; el_class=&#8221;destaque&#8221;]<img decoding=\"async\" loading=\"lazy\" class=\"alignnone wp-image-361 size-medium\" src=\"https:\/\/lfleming.com.br\/site\/wp-content\/uploads\/2022\/06\/Card-Convenios-300x200.jpg\" alt=\"\" width=\"300\" height=\"200\" srcset=\"https:\/\/lfleming.com.br\/site\/wp-content\/uploads\/2022\/06\/Card-Convenios-300x200.jpg 300w, https:\/\/lfleming.com.br\/site\/wp-content\/uploads\/2022\/06\/Card-Convenios-1024x683.jpg 1024w, https:\/\/lfleming.com.br\/site\/wp-content\/uploads\/2022\/06\/Card-Convenios-768x512.jpg 768w, https:\/\/lfleming.com.br\/site\/wp-content\/uploads\/2022\/06\/Card-Convenios-1536x1024.jpg 1536w, https:\/\/lfleming.com.br\/site\/wp-content\/uploads\/2022\/06\/Card-Convenios-2048x1365.jpg 2048w, https:\/\/lfleming.com.br\/site\/wp-content\/uploads\/2022\/06\/Card-Convenios-360x240.jpg 360w\" sizes=\"(max-width: 300px) 100vw, 300px\" \/><\/p>\n<h3>CONV\u00caNIOS<\/h3>\n<p>O Fleming An\u00e1lises Cl\u00ednicas possui parceria com mais de 35 empresas e entidades para facilitar o processo de exames laboratoriais para empregados e empregador. Descubra mais sobre elas e torne-se um de nossos parceiros!<\/p>\n<p><a class=\"read-more\" href=\"https:\/\/lfleming.com.br\/site\/convenios-empresas\/\">SAIBA MAIS<\/a>[\/vc_column_text][\/vc_column][vc_column width=&#8221;1\/4&#8243;][vc_column_text css=&#8221;.vc_custom_1654952379474{padding-top: 15px !important;padding-right: 15px !important;padding-bottom: 15px !important;padding-left: 15px !important;}&#8221; el_class=&#8221;destaque&#8221;]<img decoding=\"async\" loading=\"lazy\" class=\"alignnone wp-image-363 size-medium\" src=\"https:\/\/lfleming.com.br\/site\/wp-content\/uploads\/2022\/06\/Card-Perguntas-Frequentes-1-300x200.jpg\" alt=\"\" width=\"300\" height=\"200\" srcset=\"https:\/\/lfleming.com.br\/site\/wp-content\/uploads\/2022\/06\/Card-Perguntas-Frequentes-1-300x200.jpg 300w, https:\/\/lfleming.com.br\/site\/wp-content\/uploads\/2022\/06\/Card-Perguntas-Frequentes-1-1024x683.jpg 1024w, https:\/\/lfleming.com.br\/site\/wp-content\/uploads\/2022\/06\/Card-Perguntas-Frequentes-1-768x512.jpg 768w, https:\/\/lfleming.com.br\/site\/wp-content\/uploads\/2022\/06\/Card-Perguntas-Frequentes-1-1536x1024.jpg 1536w, https:\/\/lfleming.com.br\/site\/wp-content\/uploads\/2022\/06\/Card-Perguntas-Frequentes-1-2048x1365.jpg 2048w, https:\/\/lfleming.com.br\/site\/wp-content\/uploads\/2022\/06\/Card-Perguntas-Frequentes-1-360x240.jpg 360w\" sizes=\"(max-width: 300px) 100vw, 300px\" \/><\/p>\n<h3>PERGUNTAS FREQUENTES<\/h3>\n<p>Normalmente surgem algumas d\u00favidas no momento em que precisamos fazer alguns exames, n\u00e3o \u00e9 mesmo? Selecionamos algumas d\u00favidas recorrentes, para lhe ajudar!<\/p>\n<p><a class=\"read-more\" href=\"https:\/\/lfleming.com.br\/site\/perguntas-frequentes\/\">SAIBA MAIS<\/a>[\/vc_column_text][\/vc_column][\/vc_row][vc_row][vc_column][vc_column_text]<\/p>\n<div class=\"widget-title--big\">\n<h3 class=\"widget-title\"><span class=\"widget-title__inline\">EXAMES<\/span><\/h3>\n<\/div>\n<p>[\/vc_column_text][\/vc_column][\/vc_row][vc_row css=&#8221;.vc_custom_1654716735539{margin-bottom: 30px !important;}&#8221;][vc_column width=&#8221;1\/3&#8243;]<div class=\"widget widget-icon-box\">\n\n\t\t<a class=\"icon-box\" href=\"https:\/\/lfleming.com.br\/site\/exames\/\" target=\"_self\">\n\n\t\t<i class=\"fa  fa-accessible-icon\"><\/i>\n\t\t<h4 class=\"icon-box__title\">LABORATORIAIS CONVENCIONAIS<\/h4>\n\t\t<span class=\"icon-box__subtitle\">Precisando de testes laboratoriais r\u00e1pidos? Disponibilizamos mais de 1.000 exames em 20 \u00e1reas diferentes, saiba mais!<\/span>\n\n\t\t<\/a>\n\n<\/div>[\/vc_column][vc_column width=&#8221;1\/3&#8243;]<div class=\"widget widget-icon-box\">\n\n\t\t<a class=\"icon-box\" href=\"https:\/\/lfleming.com.br\/site\/exames\/toxicologico\/\" target=\"_self\">\n\n\t\t<i class=\"fa  fa-accessible-icon\"><\/i>\n\t\t<h4 class=\"icon-box__title\">TOXICOL\u00d3GICO<\/h4>\n\t\t<span class=\"icon-box__subtitle\">Precisando alterar a categoria da sua CNH ou fazer algum exame admissional? Dispomos de exames toxicol\u00f3gicos de larga janela de detec\u00e7\u00e3o ou CLT, saiba mais!<\/span>\n\n\t\t<\/a>\n\n<\/div>[\/vc_column][vc_column width=&#8221;1\/3&#8243;]<div class=\"widget widget-icon-box\">\n\n\t\t<a class=\"icon-box\" href=\"https:\/\/lfleming.com.br\/site\/exames\/teste-de-paternidade-dna\/\" target=\"_self\">\n\n\t\t<i class=\"fa  fa-accessible-icon\"><\/i>\n\t\t<h4 class=\"icon-box__title\">TESTE DE PATERNIDADE<\/h4>\n\t\t<span class=\"icon-box__subtitle\">Reafirmar la\u00e7os de sangue \u00e9 uma etapa importante da vida. Voc\u00ea pode realizar o seu teste de DNA e tirar a d\u00favida da paternidade. Saiba mais!<\/span>\n\n\t\t<\/a>\n\n<\/div>[\/vc_column][\/vc_row][vc_row css=&#8221;.vc_custom_1654716676637{margin-bottom: 80px !important;}&#8221;][vc_column width=&#8221;1\/3&#8243;]<div class=\"widget widget-icon-box\">\n\n\t\t<a class=\"icon-box\" href=\"https:\/\/lfleming.com.br\/site\/exames\/sexagem-fetal\/\" target=\"_self\">\n\n\t\t<i class=\"fa  fa-accessible-icon\"><\/i>\n\t\t<h4 class=\"icon-box__title\">SEXAGEM FETAL<\/h4>\n\t\t<span class=\"icon-box__subtitle\">Ansiosos para descobrir o sexo do seu beb\u00ea? Voc\u00eas podem saber a partir da 8\u00aa semana de gesta\u00e7\u00e3o, com o exame de sexagem fetal. Vem conferir!<\/span>\n\n\t\t<\/a>\n\n<\/div>[\/vc_column][vc_column width=&#8221;1\/3&#8243;]<div class=\"widget widget-icon-box\">\n\n\t\t<a class=\"icon-box\" href=\"https:\/\/lfleming.com.br\/site\/exames\/intolerancia-alimentar\/\" target=\"_self\">\n\n\t\t<i class=\"fa  fa-accessible-icon\"><\/i>\n\t\t<h4 class=\"icon-box__title\">INTOLER\u00c2NCIA ALIMENTAR<\/h4>\n\t\t<span class=\"icon-box__subtitle\">Precisando descobrir se existe uma restri\u00e7\u00e3o contra algum alimento da sua dieta? Saiba mais como funciona este exame para ter mais tranquilidade!<\/span>\n\n\t\t<\/a>\n\n<\/div>[\/vc_column][vc_column width=&#8221;1\/3&#8243;]<div class=\"widget widget-icon-box\">\n\n\t\t<a class=\"icon-box\" href=\"https:\/\/lfleming.com.br\/site\/exames\/check-ups\/\" target=\"_self\">\n\n\t\t<i class=\"fa  fa-accessible-icon\"><\/i>\n\t\t<h4 class=\"icon-box__title\">CHECK-UPS<\/h4>\n\t\t<span class=\"icon-box__subtitle\">Pensamos em cada momento importante da sua vida e montamos um kit de exames completos para cada fase da sua vida. Vem conferir!<\/span>\n\n\t\t<\/a>\n\n<\/div>[\/vc_column][\/vc_row][vc_row css=&#8221;.vc_custom_1437563644549{margin-bottom: 60px !important;}&#8221;][vc_column width=&#8221;1\/2&#8243;]<div class=\"widget widget-latest-news\">\n\n\t\t\t<a href=\"https:\/\/lfleming.com.br\/site\/menino-ou-menina-ansioso-para-saber-o-sexo-do-seu-bebe\/\" class=\"latest-news  latest-news--block\">\n\t\t\t\t<div class=\"latest-news__date\">\n\t\t\t\t\t<div class=\"latest-news__date__month\">\n\t\t\t\t\t\tset\n\t\t\t\t\t<\/div>\n\t\t\t\t\t<div class=\"latest-news__date__day\">\n\t\t\t\t\t\t3\n\t\t\t\t\t<\/div>\n\t\t\t\t<\/div>\n\t\t\t\t<div class=\"latest-news__image\">\n\t\t\t\t\t<img src=\"https:\/\/lfleming.com.br\/site\/wp-content\/uploads\/2022\/08\/Capa-Blog-Fleming_Sexagem-fetal-360x204.jpg\" width=\"360\" height=\"204\" srcset=\"https:\/\/lfleming.com.br\/site\/wp-content\/uploads\/2022\/08\/Capa-Blog-Fleming_Sexagem-fetal-360x204.jpg 360w, https:\/\/lfleming.com.br\/site\/wp-content\/uploads\/2022\/08\/Capa-Blog-Fleming_Sexagem-fetal.jpg 2240w\" sizes=\"(min-width: 781px) 360px, calc(100vw - 30px)\" class=\"wp-post-image\" alt=\"Menino ou menina? Ansioso para saber o sexo do seu beb\u00ea?\">\n\t\t\t\t<\/div>\n\n\t\t\t\t<div class=\"latest-news__content\">\n\t\t\t\t\t<h4 class=\"latest-news__title\">Menino ou menina? Ansioso para saber o sexo do seu beb\u00ea?<\/h4>\n\t\t\t\t\t<div class=\"latest-news__author\">\n\t\t\t\t\t\tBy D\u00e9bora\n\t\t\t\t\t<\/div>\n\t\t\t\t<\/div>\n\t\t\t<\/a>\n\n\n<\/div>[\/vc_column][vc_column width=&#8221;1\/2&#8243;][vc_column_text el_class=&#8221;featured-widget&#8221;]<\/p>\n<h3>FICOU COM ALGUMA D\u00daVIDA?<\/h3>\n<p>Sinta-se a vontade para nos mandar uma mensagem com suas d\u00favidas, nossos atendentes entrar\u00e3o em contato o mais breve poss\u00edvel para lhe ajudar.<\/p>\n<p>&nbsp;<\/p>\n<p>[contact-form-7 id=&#8221;67&#8243; title=&#8221;Formul\u00e1rio de contato 1&#8243;][\/vc_column_text][\/vc_column][\/vc_row][vc_row][vc_column][vc_raw_html]JTNDc3R5bGUlM0UlMEFoNCU3QiUwQSUyMCUyMCUyMCUyMGZvbnQtZmFtaWx5JTNBJTIwJTIyUm9ib3RvJTIyJTJDJTIwSGVsdmV0aWNhJTJDJTIwQXJpYWwlMkMlMjBzYW5zLXNlcmlmJTNCJTBBJTIwJTIwJTIwJTIwZm9udC1zaXplJTNBJTIwMTRweCUyMCUyMWltcG9ydGFudCUzQiUwQSUyMCUyMCUyMCUyMGZvbnQtd2VpZ2h0JTNBJTIwNzAwJTIwJTIxaW1wb3J0YW50JTNCJTBBJTIwJTIwJTIwJTIwbGV0dGVyLXNwYWNpbmclM0ElMjAwJTIwJTIxaW1wb3J0YW50JTNCJTBBJTdEJTBBJTIzZmlyc0xpbmUlN0IlMEF6LWluZGV4JTNBOTk5OTklMEElN0QlMEEuZGVzdGFxdWUlMjBpbWclN0IlMEFib3JkZXIlM0ElMjBzb2xpZCUyMDRweCUyMCUyM2Y0ZjRmNCUzQiUwQSUyMCUyMCUyMCUyMGJveC1zaGFkb3clM0ElMjAwJTIwNHB4JTIwMTBweCUyMHJnYiUyODAlMjAwJTIwMCUyMCUyRiUyMDE1JTI1JTI5JTNCJTBBJTdEJTBBLmljb24tYm94JTdCJTBBaGVpZ2h0JTNBJTIwMTUwcHglMjAlMjFpbXBvcnRhbnQlM0IlMEElN0QlMEElM0MlMkZzdHlsZSUzRQ==[\/vc_raw_html][\/vc_column][\/vc_row]<\/p>\n","protected":false},"excerpt":{"rendered":"<p>[vc_row content_placement=&#8221;top&#8221; css=&#8221;.vc_custom_1654780514547{margin-top: -81px !important;}&#8221; el_id=&#8221;firsLine&#8221;][vc_column width=&#8221;1\/4&#8243;][vc_column_text el_class=&#8221;featured-widget&#8221; css=&#8221;.vc_custom_1654890329638{padding-top: 30px !important;padding-right: 30px !important;padding-bottom: 30px !important;padding-left: 30px !important;}&#8221;] CENTRAL DE ATENDIMENTO (49) 3246-2411 FALE CONOSCO[\/vc_column_text][\/vc_column][vc_column width=&#8221;1\/4&#8243;][vc_column_text css=&#8221;.vc_custom_1654952350571{padding-top: 15px !important;padding-right: 15px !important;padding-bottom: 15px !important;padding-left: 15px !important;}&#8221; el_class=&#8221;destaque&#8221;] EXAMES O Fleming An\u00e1lises Clinicas oferece mais de 1.000 exames laboratoriais, de medicina ocupacional, testes de paternidade, biologia molecular e &hellip;<\/p>\n","protected":false},"author":1,"featured_media":0,"parent":0,"menu_order":0,"comment_status":"closed","ping_status":"open","template":"template-front-page-slider-alt.php","meta":{"footnotes":""},"acf":[],"_links":{"self":[{"href":"https:\/\/lfleming.com.br\/site\/wp-json\/wp\/v2\/pages\/2"}],"collection":[{"href":"https:\/\/lfleming.com.br\/site\/wp-json\/wp\/v2\/pages"}],"about":[{"href":"https:\/\/lfleming.com.br\/site\/wp-json\/wp\/v2\/types\/page"}],"author":[{"embeddable":true,"href":"https:\/\/lfleming.com.br\/site\/wp-json\/wp\/v2\/users\/1"}],"replies":[{"embeddable":true,"href":"https:\/\/lfleming.com.br\/site\/wp-json\/wp\/v2\/comments?post=2"}],"version-history":[{"count":47,"href":"https:\/\/lfleming.com.br\/site\/wp-json\/wp\/v2\/pages\/2\/revisions"}],"predecessor-version":[{"id":463,"href":"https:\/\/lfleming.com.br\/site\/wp-json\/wp\/v2\/pages\/2\/revisions\/463"}],"wp:attachment":[{"href":"https:\/\/lfleming.com.br\/site\/wp-json\/wp\/v2\/media?parent=2"}],"curies":[{"name":"wp","href":"https:\/\/api.w.org\/{rel}","templated":true}]}}