{"id":21,"date":"2022-06-07T14:50:55","date_gmt":"2022-06-07T17:50:55","guid":{"rendered":"https:\/\/lfleming.com.br\/site\/?page_id=21"},"modified":"2026-03-16T11:30:11","modified_gmt":"2026-03-16T14:30:11","slug":"sobre-nos","status":"publish","type":"page","link":"https:\/\/lfleming.com.br\/site\/sobre-nos\/","title":{"rendered":"SOBRE N\u00d3S"},"content":{"rendered":"<p>[vc_row css=&#8221;.vc_custom_1459336051078{margin-bottom: 86px !important;}&#8221;][vc_column width=&#8221;1\/2&#8243;][vc_column_text]<\/p>\n<div class=\"overflow-x-auto relative\" dir=\"auto\">\n<div>\n<p>O Laborat\u00f3rio Fleming An\u00e1lises Cl\u00ednicas foi fundado em 03 de novembro de 1983, com o objetivo de oferecer servi\u00e7os de excel\u00eancia na \u00e1rea de an\u00e1lises laboratoriais. Desde a sua inaugura\u00e7\u00e3o, temos nos dedicado a proporcionar diagn\u00f3sticos precisos e confi\u00e1veis, sempre com um compromisso inabal\u00e1vel com a sa\u00fade e o bem-estar de nossos pacientes.<\/p>\n<\/div>\n<\/div>\n<div class=\"overflow-x-auto relative\" dir=\"auto\">\n<div>\n<p>Sob a dire\u00e7\u00e3o do bioqu\u00edmico Dornele Minatto, o Fleming se consolidou como um referencial em An\u00e1lises Cl\u00ednicas. A experi\u00eancia e a dedica\u00e7\u00e3o de nossa equipe foram fundamentais para garantir a qualidade dos exames e a satisfa\u00e7\u00e3o de nossos clientes ao longo dos anos. Em fevereiro de 2025, o laborat\u00f3rio foi adquirido pelo Grupo Camati, uma organiza\u00e7\u00e3o reconhecida pela sua excel\u00eancia na \u00e1rea da sa\u00fade. Com esta nova fase, Claudemir Hubner assumiu a dire\u00e7\u00e3o, trazendo novas perspectivas e recursos que fortalecer\u00e3o ainda mais nossos servi\u00e7os, mantendo o compromisso com a qualidade e a inova\u00e7\u00e3o.<\/p>\n<\/div>\n<\/div>\n<p>[\/vc_column_text][\/vc_column][vc_column width=&#8221;1\/2&#8243;][vc_single_image image=&#8221;59&#8243; img_size=&#8221;full&#8221;][\/vc_column][\/vc_row][vc_row][vc_column][vc_custom_heading text=&#8221;Equipe t\u00e9cnica e estrutura&#8221; use_theme_fonts=&#8221;yes&#8221;][vc_column_text]O Fleming conta com uma equipe t\u00e9cnica altamente qualificada, composta por 5 Bioqu\u00edmicos e 1 Biom\u00e9dico al\u00e9m de uma ampla equipe de colaboradores dedicados e preocupados em atender com profissionalismo todos os seus clientes.<\/p>\n<p>Nosso prop\u00f3sito \u00e9 transformar a experi\u00eancia em an\u00e1lises cl\u00ednicas em um servi\u00e7o de excel\u00eancia atrav\u00e9s de um atendimento personalizado e humanizado. Estamos comprometidos com a satisfa\u00e7\u00e3o plena de nossos clientes e colaboradores, buscando incessantemente melhorias para entregar o melhor.<\/p>\n<p>O Fleming realiza exames nas \u00e1reas de Bioqu\u00edmica, Imunologia, Horm\u00f4nios, Microbiologia, Hematologia, Urin\u00e1lise, Parasitologia e Gen\u00e9tica, entre outros que voc\u00ea pode conferir <a href=\"https:\/\/lfleming.com.br\/site\/exames\/\">aqui<\/a>.<\/p>\n<p>Os procedimentos t\u00e9cnicos e administrativos s\u00e3o efetuados por sistemas com equipamentos de \u00faltima gera\u00e7\u00e3o e totalmente informatizados, desde o cadastro dos pacientes at\u00e9 a entrega final dos resultados, assegurando a rastreabilidade e a confian\u00e7a em todo o processo.[\/vc_column_text][vc_row_inner][vc_column_inner width=&#8221;1\/6&#8243;][vc_column_text]<img decoding=\"async\" loading=\"lazy\" class=\"full-size alignnone wp-image-540 size-medium\" src=\"https:\/\/lfleming.com.br\/site\/wp-content\/uploads\/2025\/05\/7-225x300.jpg\" alt=\"\" width=\"225\" height=\"300\" srcset=\"https:\/\/lfleming.com.br\/site\/wp-content\/uploads\/2025\/05\/7-225x300.jpg 225w, https:\/\/lfleming.com.br\/site\/wp-content\/uploads\/2025\/05\/7-768x1024.jpg 768w, https:\/\/lfleming.com.br\/site\/wp-content\/uploads\/2025\/05\/7-1152x1536.jpg 1152w, https:\/\/lfleming.com.br\/site\/wp-content\/uploads\/2025\/05\/7.jpg 1200w\" sizes=\"(max-width: 225px) 100vw, 225px\" \/><\/p>\n<h3 style=\"text-align: left;\">AMANDA P. RIBEIRO DE DEUS<\/h3>\n<h4 style=\"text-align: left;\"><span style=\"color: #bbbbbb;\">AUXILIAR DE LABORAT\u00d3RIO<\/span><\/h4>\n<p>[\/vc_column_text][\/vc_column_inner][vc_column_inner width=&#8221;1\/6&#8243;][vc_column_text]<img decoding=\"async\" loading=\"lazy\" class=\"full-size alignnone wp-image-558 size-medium\" src=\"https:\/\/lfleming.com.br\/site\/wp-content\/uploads\/2025\/05\/IMG_3102-2-225x300.jpg\" alt=\"\" width=\"225\" height=\"300\" srcset=\"https:\/\/lfleming.com.br\/site\/wp-content\/uploads\/2025\/05\/IMG_3102-2-225x300.jpg 225w, https:\/\/lfleming.com.br\/site\/wp-content\/uploads\/2025\/05\/IMG_3102-2-768x1024.jpg 768w, https:\/\/lfleming.com.br\/site\/wp-content\/uploads\/2025\/05\/IMG_3102-2-1152x1536.jpg 1152w, https:\/\/lfleming.com.br\/site\/wp-content\/uploads\/2025\/05\/IMG_3102-2-1536x2048.jpg 1536w, https:\/\/lfleming.com.br\/site\/wp-content\/uploads\/2025\/05\/IMG_3102-2-scaled.jpg 1920w\" sizes=\"(max-width: 225px) 100vw, 225px\" \/><\/p>\n<h3 style=\"text-align: left;\">ANT\u00d4NIO I. VICENTIN<\/h3>\n<h4 style=\"text-align: left;\"><span style=\"color: #bbbbbb;\">T\u00c9CNICO EM ENFERMAGEM<\/span><\/h4>\n<p>[\/vc_column_text][\/vc_column_inner][vc_column_inner width=&#8221;1\/6&#8243;][vc_column_text]<img decoding=\"async\" loading=\"lazy\" class=\"full-size alignnone wp-image-545 size-medium\" src=\"https:\/\/lfleming.com.br\/site\/wp-content\/uploads\/2025\/05\/IMG_3125-225x300.jpg\" alt=\"\" width=\"225\" height=\"300\" srcset=\"https:\/\/lfleming.com.br\/site\/wp-content\/uploads\/2025\/05\/IMG_3125-225x300.jpg 225w, https:\/\/lfleming.com.br\/site\/wp-content\/uploads\/2025\/05\/IMG_3125-768x1024.jpg 768w, https:\/\/lfleming.com.br\/site\/wp-content\/uploads\/2025\/05\/IMG_3125-1152x1536.jpg 1152w, https:\/\/lfleming.com.br\/site\/wp-content\/uploads\/2025\/05\/IMG_3125-1536x2048.jpg 1536w, https:\/\/lfleming.com.br\/site\/wp-content\/uploads\/2025\/05\/IMG_3125-scaled.jpg 1920w\" sizes=\"(max-width: 225px) 100vw, 225px\" \/><\/p>\n<h3 style=\"text-align: left;\">CIRLEI DE C. FRAGOSO<\/h3>\n<h4 style=\"text-align: left;\"><span style=\"color: #bbbbbb;\">T\u00c9CNICA EM ENFERMAGEM<\/span><\/h4>\n<p>[\/vc_column_text][\/vc_column_inner][vc_column_inner width=&#8221;1\/6&#8243;][vc_column_text]<img decoding=\"async\" loading=\"lazy\" class=\"full-size alignnone wp-image-546 size-medium\" src=\"https:\/\/lfleming.com.br\/site\/wp-content\/uploads\/2025\/05\/IMG_3053-225x300.jpg\" alt=\"\" width=\"225\" height=\"300\" srcset=\"https:\/\/lfleming.com.br\/site\/wp-content\/uploads\/2025\/05\/IMG_3053-225x300.jpg 225w, https:\/\/lfleming.com.br\/site\/wp-content\/uploads\/2025\/05\/IMG_3053-768x1024.jpg 768w, https:\/\/lfleming.com.br\/site\/wp-content\/uploads\/2025\/05\/IMG_3053-1152x1536.jpg 1152w, https:\/\/lfleming.com.br\/site\/wp-content\/uploads\/2025\/05\/IMG_3053-1536x2048.jpg 1536w, https:\/\/lfleming.com.br\/site\/wp-content\/uploads\/2025\/05\/IMG_3053-scaled.jpg 1920w\" sizes=\"(max-width: 225px) 100vw, 225px\" \/><\/p>\n<h3 style=\"text-align: left;\">DENISE DA VEIGA<\/h3>\n<h4 style=\"text-align: left;\"><span style=\"color: #bbbbbb;\">RECEPCIONISTA<\/span><\/h4>\n<p>[\/vc_column_text][\/vc_column_inner][\/vc_row_inner][vc_row_inner][vc_column_inner width=&#8221;1\/6&#8243;][vc_column_text]<img decoding=\"async\" loading=\"lazy\" class=\"full-size alignnone wp-image-547 size-medium\" src=\"https:\/\/lfleming.com.br\/site\/wp-content\/uploads\/2025\/05\/IMG_3047-225x300.jpg\" alt=\"\" width=\"225\" height=\"300\" srcset=\"https:\/\/lfleming.com.br\/site\/wp-content\/uploads\/2025\/05\/IMG_3047-225x300.jpg 225w, https:\/\/lfleming.com.br\/site\/wp-content\/uploads\/2025\/05\/IMG_3047-768x1024.jpg 768w, https:\/\/lfleming.com.br\/site\/wp-content\/uploads\/2025\/05\/IMG_3047-1152x1536.jpg 1152w, https:\/\/lfleming.com.br\/site\/wp-content\/uploads\/2025\/05\/IMG_3047-1536x2048.jpg 1536w, https:\/\/lfleming.com.br\/site\/wp-content\/uploads\/2025\/05\/IMG_3047-scaled.jpg 1920w\" sizes=\"(max-width: 225px) 100vw, 225px\" \/><\/p>\n<h3 style=\"text-align: left;\">DOUGLAS P. FARINA<\/h3>\n<h4 style=\"text-align: left;\"><span style=\"color: #bbbbbb;\">FARMAC\u00caUTICO BIOQU\u00cdMICO<\/span><\/h4>\n<p>[\/vc_column_text][\/vc_column_inner][vc_column_inner width=&#8221;1\/6&#8243;][vc_column_text]<img decoding=\"async\" loading=\"lazy\" class=\"full-size alignnone wp-image-561 size-medium\" src=\"https:\/\/lfleming.com.br\/site\/wp-content\/uploads\/2025\/05\/IMG_3218-2-225x300.jpg\" alt=\"\" width=\"225\" height=\"300\" srcset=\"https:\/\/lfleming.com.br\/site\/wp-content\/uploads\/2025\/05\/IMG_3218-2-225x300.jpg 225w, https:\/\/lfleming.com.br\/site\/wp-content\/uploads\/2025\/05\/IMG_3218-2-768x1024.jpg 768w, https:\/\/lfleming.com.br\/site\/wp-content\/uploads\/2025\/05\/IMG_3218-2-1152x1536.jpg 1152w, https:\/\/lfleming.com.br\/site\/wp-content\/uploads\/2025\/05\/IMG_3218-2-1536x2048.jpg 1536w, https:\/\/lfleming.com.br\/site\/wp-content\/uploads\/2025\/05\/IMG_3218-2-scaled.jpg 1920w\" sizes=\"(max-width: 225px) 100vw, 225px\" \/><\/p>\n<h3 style=\"text-align: left;\">ELIS\u00c2NGELA BUSSATA<\/h3>\n<h4 style=\"text-align: left;\"><span style=\"color: #bbbbbb;\">T\u00c9CNICA EM ENFERMAGEM<\/span><\/h4>\n<p>[\/vc_column_text][\/vc_column_inner][vc_column_inner width=&#8221;1\/6&#8243;][vc_column_text]<img decoding=\"async\" loading=\"lazy\" class=\"full-size alignnone wp-image-562 size-medium\" src=\"https:\/\/lfleming.com.br\/site\/wp-content\/uploads\/2025\/05\/IMG_3038-1-225x300.jpg\" alt=\"\" width=\"225\" height=\"300\" srcset=\"https:\/\/lfleming.com.br\/site\/wp-content\/uploads\/2025\/05\/IMG_3038-1-225x300.jpg 225w, https:\/\/lfleming.com.br\/site\/wp-content\/uploads\/2025\/05\/IMG_3038-1-768x1024.jpg 768w, https:\/\/lfleming.com.br\/site\/wp-content\/uploads\/2025\/05\/IMG_3038-1-1152x1536.jpg 1152w, https:\/\/lfleming.com.br\/site\/wp-content\/uploads\/2025\/05\/IMG_3038-1-1536x2048.jpg 1536w, https:\/\/lfleming.com.br\/site\/wp-content\/uploads\/2025\/05\/IMG_3038-1-scaled.jpg 1920w\" sizes=\"(max-width: 225px) 100vw, 225px\" \/><\/p>\n<h3 style=\"text-align: left;\">ELIZABETE DE OLIVEIRA<\/h3>\n<h4 style=\"text-align: left;\"><span style=\"color: #bbbbbb;\">RECEPCIONISTA<\/span><\/h4>\n<p>[\/vc_column_text][\/vc_column_inner][vc_column_inner width=&#8221;1\/6&#8243;][vc_column_text]<img decoding=\"async\" loading=\"lazy\" class=\"full-size alignnone wp-image-551 size-medium\" src=\"https:\/\/lfleming.com.br\/site\/wp-content\/uploads\/2025\/05\/IMG_3076-225x300.jpg\" alt=\"\" width=\"225\" height=\"300\" srcset=\"https:\/\/lfleming.com.br\/site\/wp-content\/uploads\/2025\/05\/IMG_3076-225x300.jpg 225w, https:\/\/lfleming.com.br\/site\/wp-content\/uploads\/2025\/05\/IMG_3076-768x1024.jpg 768w, https:\/\/lfleming.com.br\/site\/wp-content\/uploads\/2025\/05\/IMG_3076-1152x1536.jpg 1152w, https:\/\/lfleming.com.br\/site\/wp-content\/uploads\/2025\/05\/IMG_3076-1536x2048.jpg 1536w, https:\/\/lfleming.com.br\/site\/wp-content\/uploads\/2025\/05\/IMG_3076-scaled.jpg 1920w\" sizes=\"(max-width: 225px) 100vw, 225px\" \/><\/p>\n<h3 style=\"text-align: left;\">FERNANDA DE JESUS MORAES<\/h3>\n<h4 style=\"text-align: left;\"><span style=\"color: #bbbbbb;\">GERENTE ADMINISTRATIVA<\/span><\/h4>\n<p>[\/vc_column_text][\/vc_column_inner][vc_column_inner width=&#8221;1\/6&#8243;][vc_column_text]<img decoding=\"async\" loading=\"lazy\" class=\"full-size alignnone wp-image-552 size-medium\" src=\"https:\/\/lfleming.com.br\/site\/wp-content\/uploads\/2025\/05\/IMG_3062-225x300.jpg\" alt=\"\" width=\"225\" height=\"300\" srcset=\"https:\/\/lfleming.com.br\/site\/wp-content\/uploads\/2025\/05\/IMG_3062-225x300.jpg 225w, https:\/\/lfleming.com.br\/site\/wp-content\/uploads\/2025\/05\/IMG_3062-768x1024.jpg 768w, https:\/\/lfleming.com.br\/site\/wp-content\/uploads\/2025\/05\/IMG_3062-1152x1536.jpg 1152w, https:\/\/lfleming.com.br\/site\/wp-content\/uploads\/2025\/05\/IMG_3062-1536x2048.jpg 1536w, https:\/\/lfleming.com.br\/site\/wp-content\/uploads\/2025\/05\/IMG_3062-scaled.jpg 1920w\" sizes=\"(max-width: 225px) 100vw, 225px\" \/><\/p>\n<h3 style=\"text-align: left;\">FL\u00c1VIA MARIA RIBEIRO<\/h3>\n<h4 style=\"text-align: left;\"><span style=\"color: #bbbbbb;\">AUXILIAR DE LABORAT\u00d3RIO<\/span><\/h4>\n<p>[\/vc_column_text][\/vc_column_inner][\/vc_row_inner][vc_row_inner][vc_column_inner width=&#8221;1\/6&#8243;][vc_column_text]<img decoding=\"async\" loading=\"lazy\" class=\"full-size alignnone wp-image-538 size-medium\" src=\"https:\/\/lfleming.com.br\/site\/wp-content\/uploads\/2025\/05\/5-225x300.jpg\" alt=\"\" width=\"225\" height=\"300\" srcset=\"https:\/\/lfleming.com.br\/site\/wp-content\/uploads\/2025\/05\/5-225x300.jpg 225w, https:\/\/lfleming.com.br\/site\/wp-content\/uploads\/2025\/05\/5-768x1024.jpg 768w, https:\/\/lfleming.com.br\/site\/wp-content\/uploads\/2025\/05\/5-1152x1536.jpg 1152w, https:\/\/lfleming.com.br\/site\/wp-content\/uploads\/2025\/05\/5.jpg 1200w\" sizes=\"(max-width: 225px) 100vw, 225px\" \/><\/p>\n<h3 style=\"text-align: left;\">JULYA TRIZOTTO ANTUNES<\/h3>\n<h4 style=\"text-align: left;\"><span style=\"color: #bbbbbb;\">BIOM\u00c9DICA<\/span><\/h4>\n<p>[\/vc_column_text][vc_column_text][\/vc_column_text][\/vc_column_inner][vc_column_inner width=&#8221;1\/6&#8243;][vc_column_text]<img decoding=\"async\" loading=\"lazy\" class=\"full-size alignnone wp-image-542 size-medium\" src=\"https:\/\/lfleming.com.br\/site\/wp-content\/uploads\/2025\/05\/IMG_3041-225x300.jpg\" alt=\"\" width=\"225\" height=\"300\" srcset=\"https:\/\/lfleming.com.br\/site\/wp-content\/uploads\/2025\/05\/IMG_3041-225x300.jpg 225w, https:\/\/lfleming.com.br\/site\/wp-content\/uploads\/2025\/05\/IMG_3041-768x1024.jpg 768w, https:\/\/lfleming.com.br\/site\/wp-content\/uploads\/2025\/05\/IMG_3041-1152x1536.jpg 1152w, https:\/\/lfleming.com.br\/site\/wp-content\/uploads\/2025\/05\/IMG_3041-1536x2048.jpg 1536w, https:\/\/lfleming.com.br\/site\/wp-content\/uploads\/2025\/05\/IMG_3041-scaled.jpg 1920w\" sizes=\"(max-width: 225px) 100vw, 225px\" \/><\/p>\n<h3 style=\"text-align: left;\">MAYARA S. FRAN\u00c7A<\/h3>\n<h4 style=\"text-align: left;\"><span style=\"color: #bbbbbb;\">COMERCIAL<\/span><\/h4>\n<p>[\/vc_column_text][vc_column_text][\/vc_column_text][\/vc_column_inner][vc_column_inner width=&#8221;1\/6&#8243;][vc_column_text]<img decoding=\"async\" loading=\"lazy\" class=\"full-size alignnone wp-image-553 size-medium\" src=\"https:\/\/lfleming.com.br\/site\/wp-content\/uploads\/2025\/05\/IMG_3093-225x300.jpg\" alt=\"\" width=\"225\" height=\"300\" srcset=\"https:\/\/lfleming.com.br\/site\/wp-content\/uploads\/2025\/05\/IMG_3093-225x300.jpg 225w, https:\/\/lfleming.com.br\/site\/wp-content\/uploads\/2025\/05\/IMG_3093-768x1024.jpg 768w, https:\/\/lfleming.com.br\/site\/wp-content\/uploads\/2025\/05\/IMG_3093-1152x1536.jpg 1152w, https:\/\/lfleming.com.br\/site\/wp-content\/uploads\/2025\/05\/IMG_3093-1536x2048.jpg 1536w, https:\/\/lfleming.com.br\/site\/wp-content\/uploads\/2025\/05\/IMG_3093-scaled.jpg 1920w\" sizes=\"(max-width: 225px) 100vw, 225px\" \/><\/p>\n<h3 style=\"text-align: left;\">OLIVETE RALDI<\/h3>\n<h4 style=\"text-align: left;\"><span style=\"color: #bbbbbb;\">AUXILIAR DE LABORAT\u00d3RIO<\/span><\/h4>\n<p>[\/vc_column_text][vc_column_text][\/vc_column_text][\/vc_column_inner][vc_column_inner width=&#8221;1\/6&#8243;][vc_column_text]<img decoding=\"async\" loading=\"lazy\" class=\"full-size alignnone wp-image-554 size-medium\" src=\"https:\/\/lfleming.com.br\/site\/wp-content\/uploads\/2025\/05\/IMG_3098-225x300.jpg\" alt=\"\" width=\"225\" height=\"300\" srcset=\"https:\/\/lfleming.com.br\/site\/wp-content\/uploads\/2025\/05\/IMG_3098-225x300.jpg 225w, https:\/\/lfleming.com.br\/site\/wp-content\/uploads\/2025\/05\/IMG_3098-768x1024.jpg 768w, https:\/\/lfleming.com.br\/site\/wp-content\/uploads\/2025\/05\/IMG_3098-1152x1536.jpg 1152w, https:\/\/lfleming.com.br\/site\/wp-content\/uploads\/2025\/05\/IMG_3098-1536x2048.jpg 1536w, https:\/\/lfleming.com.br\/site\/wp-content\/uploads\/2025\/05\/IMG_3098-scaled.jpg 1920w\" sizes=\"(max-width: 225px) 100vw, 225px\" \/><\/p>\n<h3 style=\"text-align: left;\">THA\u00cdS M. MISTURINI<\/h3>\n<h4 style=\"text-align: left;\"><span style=\"color: #bbbbbb;\">FARMAC\u00caUTICA <\/span><span style=\"color: #bbbbbb;\">BIOQU\u00cdMICA<\/span><\/h4>\n<p>[\/vc_column_text][vc_column_text][\/vc_column_text][\/vc_column_inner][\/vc_row_inner][vc_row_inner][vc_column_inner width=&#8221;1\/6&#8243;][vc_column_text][\/vc_column_text][\/vc_column_inner][vc_column_inner width=&#8221;1\/6&#8243;][\/vc_column_inner][vc_column_inner width=&#8221;1\/6&#8243;][\/vc_column_inner][vc_column_inner width=&#8221;1\/6&#8243;][\/vc_column_inner][vc_column_inner width=&#8221;1\/6&#8243;][\/vc_column_inner][vc_column_inner width=&#8221;1\/6&#8243;][\/vc_column_inner][\/vc_row_inner][\/vc_column][\/vc_row][vc_row][vc_column][vc_custom_heading text=&#8221;QUALIDADE&#8221; use_theme_fonts=&#8221;yes&#8221;][vc_column_text]Nos \u00faltimos anos, a \u00e1rea de diagn\u00f3stico passou por uma verdadeira revolu\u00e7\u00e3o com a introdu\u00e7\u00e3o de modernas tecnologias e conceitos. Em paralelo houve um aumento do grau de exig\u00eancia dos clientes em rela\u00e7\u00e3o \u00e0 qualidade dos servi\u00e7os, principalmente dos relacionados \u00e0 sa\u00fade.<br \/>\nNeste novo cen\u00e1rio, a utiliza\u00e7\u00e3o de uma sistem\u00e1tica de controle robusta \u00e9 fundamental para conferir ao laborat\u00f3rio credibilidade junto aos conv\u00eanios, m\u00e9dicos e clientes.<\/p>\n<p>A SBPC (Sociedade Brasileira de Patologia Cl\u00ednica), tem \u00e0 disposi\u00e7\u00e3o o ensaio de profici\u00eancia, uma ferramenta eficaz para determinar o desempenho da fase anal\u00edtica do laborat\u00f3rio, capaz de promover um profundo conhecimento dos processos de an\u00e1lises e garantir a confiabilidade dos seus resultados.<\/p>\n<p>Este ensaio, tamb\u00e9m conhecido como Controle Externo, \u00e9 um programa de avalia\u00e7\u00e3o cont\u00ednua, no qual o Fleming An\u00e1lises Cl\u00ednicas recebe amostras, realiza as an\u00e1lises e remete os resultados para a SBPC. Relat\u00f3rios s\u00e3o disponibilizados para o Laborat\u00f3rio verificar seu desempenho, identificar melhorias relacionadas \u00e0 sistem\u00e1tica do ensaio, equipamentos e corpo t\u00e9cnico.<\/p>\n<p>O Fleming An\u00e1lises Cl\u00ednicas h\u00e1 mais de 30 anos participa deste programa, e tem recebido anualmente certificados de excelente desempenho.<\/p>\n<p>Baseado em conceitos cient\u00edficos e aliando talentos humanos, tecnologia e investimentos, o Fleming An\u00e1lises Cl\u00ednicas oferece um servi\u00e7o diferenciado com amplo portf\u00f3lio de exames de an\u00e1lises cl\u00ednicas, fornecendo diagn\u00f3sticos precisos e exatos no mais curto prazo de tempo.[\/vc_column_text][\/vc_column][\/vc_row][vc_row][vc_column][vc_custom_heading text=&#8221;DIFERENCIAIS&#8221; use_theme_fonts=&#8221;yes&#8221;][vc_row_inner][vc_column_inner width=&#8221;1\/4&#8243;]<div class=\"widget widget-icon-box\">\n\n\t\t<div class=\"icon-box\">\n\n\t\t<i class=\"fa  fa-accessible-icon\"><\/i>\n\t\t<h4 class=\"icon-box__title\">Acesso de resultados via internet<\/h4>\n\t\t<span class=\"icon-box__subtitle\">Comodidade para visualizar seus resultados atrav\u00e9s de um acesso exclusivo diretamente no seu computador ou celular.<\/span>\n\n\t\t<\/div>\n\n<\/div>[\/vc_column_inner][vc_column_inner width=&#8221;1\/4&#8243;]<div class=\"widget widget-icon-box\">\n\n\t\t<div class=\"icon-box\">\n\n\t\t<i class=\"fa  fa-accessible-icon\"><\/i>\n\t\t<h4 class=\"icon-box__title\">Agilidade e confiabilidade<\/h4>\n\t\t<span class=\"icon-box__subtitle\">Mais de 35 anos de experi\u00eancia garantem a confiabilidade dos seus exames, com a maioria dos resultados prontos em 24 horas.<\/span>\n\n\t\t<\/div>\n\n<\/div>[\/vc_column_inner][vc_column_inner width=&#8221;1\/4&#8243;]<div class=\"widget widget-icon-box\">\n\n\t\t<div class=\"icon-box\">\n\n\t\t<i class=\"fa  fa-accessible-icon\"><\/i>\n\t\t<h4 class=\"icon-box__title\">Coleta infantil<\/h4>\n\t\t<span class=\"icon-box__subtitle\">Com profissionais preparados e locais adequados para melhor atender pais e filhos neste momento t\u00e3o importante.<\/span>\n\n\t\t<\/div>\n\n<\/div>[\/vc_column_inner][vc_column_inner width=&#8221;1\/4&#8243;]<div class=\"widget widget-icon-box\">\n\n\t\t<div class=\"icon-box\">\n\n\t\t<i class=\"fa  fa-accessible-icon\"><\/i>\n\t\t<h4 class=\"icon-box__title\">Controle de qualidade<\/h4>\n\t\t<span class=\"icon-box__subtitle\">Com mais de 35 anos garantindo a qualidade, o Fleming possui certifica\u00e7\u00f5es PNCQ, Controllab e Selo de Acredita\u00e7\u00e3o DICQ\/SB.<\/span>\n\n\t\t<\/div>\n\n<\/div>[\/vc_column_inner][\/vc_row_inner][vc_row_inner css=&#8221;.vc_custom_1654692547341{margin-top: 30px !important;margin-bottom: 30px !important;}&#8221;][vc_column_inner width=&#8221;1\/4&#8243;]<div class=\"widget widget-icon-box\">\n\n\t\t<div class=\"icon-box\">\n\n\t\t<i class=\"fa  fa-accessible-icon\"><\/i>\n\t\t<h4 class=\"icon-box__title\">Interface com equipamentos de automa\u00e7\u00e3o<\/h4>\n\t\t<span class=\"icon-box__subtitle\">Tecnologias que permitem maior precis\u00e3o e qualidade desde o atendimento at\u00e9 a entrega do resultado dos seus exames.<\/span>\n\n\t\t<\/div>\n\n<\/div>[\/vc_column_inner][vc_column_inner width=&#8221;1\/4&#8243;]<div class=\"widget widget-icon-box\">\n\n\t\t<div class=\"icon-box\">\n\n\t\t<i class=\"fa  fa-accessible-icon\"><\/i>\n\t\t<h4 class=\"icon-box__title\">Laudo com hist\u00f3rico de exames<\/h4>\n\t\t<span class=\"icon-box__subtitle\">Junto ao resultado dos exames, o hist\u00f3rico com resultados passados auxilia no seu acompanhamento m\u00e9dico.<\/span>\n\n\t\t<\/div>\n\n<\/div>[\/vc_column_inner][vc_column_inner width=&#8221;1\/4&#8243;]<div class=\"widget widget-icon-box\">\n\n\t\t<div class=\"icon-box\">\n\n\t\t<i class=\"fa  fa-accessible-icon\"><\/i>\n\t\t<h4 class=\"icon-box__title\">Portf\u00f3lio com mais de 1.000 exames<\/h4>\n\t\t<span class=\"icon-box__subtitle\">Variedade de exames nas \u00e1reas de Bioqu\u00edmica, Imunologia, Horm\u00f4nios, Microbiologia, Hematologia, Urin\u00e1lise, Parasitologia e Gen\u00e9tica.<\/span>\n\n\t\t<\/div>\n\n<\/div>[\/vc_column_inner][vc_column_inner width=&#8221;1\/4&#8243;]<div class=\"widget widget-icon-box\">\n\n\t\t<div class=\"icon-box\">\n\n\t\t<i class=\"fa  fa-accessible-icon\"><\/i>\n\t\t<h4 class=\"icon-box__title\">Pr\u00e9-cadastro online para realiza\u00e7\u00e3o de exames<\/h4>\n\t\t<span class=\"icon-box__subtitle\">Fa\u00e7a seu cadastro e agende seus exames atrav\u00e9s do site, para maior agilidade no momento da coleta.<\/span>\n\n\t\t<\/div>\n\n<\/div>[\/vc_column_inner][\/vc_row_inner][vc_raw_html]JTNDc3R5bGUlM0UlMEFoMyU3QiUwQWhlaWdodCUzQTgwcHglMjAlMjFpbXBvcnRhbnQlM0IlMEElN0QlMEElM0MlMkZzdHlsZSUzRQ==[\/vc_raw_html][\/vc_column][\/vc_row]<\/p>\n","protected":false},"excerpt":{"rendered":"<p>[vc_row css=&#8221;.vc_custom_1459336051078{margin-bottom: 86px !important;}&#8221;][vc_column width=&#8221;1\/2&#8243;][vc_column_text] O Laborat\u00f3rio Fleming An\u00e1lises Cl\u00ednicas foi fundado em 03 de novembro de 1983, com o objetivo de oferecer servi\u00e7os de excel\u00eancia na \u00e1rea de an\u00e1lises laboratoriais. Desde a sua inaugura\u00e7\u00e3o, temos nos dedicado a proporcionar diagn\u00f3sticos precisos e confi\u00e1veis, sempre com um compromisso inabal\u00e1vel com a sa\u00fade e o bem-estar &hellip;<\/p>\n","protected":false},"author":1,"featured_media":0,"parent":0,"menu_order":0,"comment_status":"closed","ping_status":"closed","template":"","meta":{"footnotes":""},"acf":[],"_links":{"self":[{"href":"https:\/\/lfleming.com.br\/site\/wp-json\/wp\/v2\/pages\/21"}],"collection":[{"href":"https:\/\/lfleming.com.br\/site\/wp-json\/wp\/v2\/pages"}],"about":[{"href":"https:\/\/lfleming.com.br\/site\/wp-json\/wp\/v2\/types\/page"}],"author":[{"embeddable":true,"href":"https:\/\/lfleming.com.br\/site\/wp-json\/wp\/v2\/users\/1"}],"replies":[{"embeddable":true,"href":"https:\/\/lfleming.com.br\/site\/wp-json\/wp\/v2\/comments?post=21"}],"version-history":[{"count":54,"href":"https:\/\/lfleming.com.br\/site\/wp-json\/wp\/v2\/pages\/21\/revisions"}],"predecessor-version":[{"id":578,"href":"https:\/\/lfleming.com.br\/site\/wp-json\/wp\/v2\/pages\/21\/revisions\/578"}],"wp:attachment":[{"href":"https:\/\/lfleming.com.br\/site\/wp-json\/wp\/v2\/media?parent=21"}],"curies":[{"name":"wp","href":"https:\/\/api.w.org\/{rel}","templated":true}]}}