{"id":225,"date":"2022-06-08T16:03:59","date_gmt":"2022-06-08T19:03:59","guid":{"rendered":"https:\/\/lfleming.com.br\/site\/?page_id=225"},"modified":"2022-06-09T11:25:21","modified_gmt":"2022-06-09T14:25:21","slug":"toxicologico","status":"publish","type":"page","link":"https:\/\/lfleming.com.br\/site\/exames\/toxicologico\/","title":{"rendered":"TOXICOL\u00d3GICO"},"content":{"rendered":"<p>[vc_row][vc_column][vc_tta_accordion shape=&#8221;square&#8221; gap=&#8221;10&#8243; c_icon=&#8221;triangle&#8221; c_position=&#8221;right&#8221; active_section=&#8221;0&#8243; collapsible_all=&#8221;true&#8221;][vc_tta_section title=&#8221;Toxicol\u00f3gico de larga janela de detec\u00e7\u00e3o&#8221; tab_id=&#8221;1654695417569-0b2463bb-b506a5fe-05d4&#8243;][vc_column_text]<span style=\"font-weight: 400;\">Este exame \u00e9 destinado \u00e0 renova\u00e7\u00e3o de CNH, mudan\u00e7a de categoria ou primeira habilita\u00e7\u00e3o (conforme Resolu\u00e7\u00e3o 691 do CONTRAN de 27 de setembro de 2017) para as categorias C, D ou E. Antes da coleta \u00e9 necess\u00e1rio que o paciente autorize previamente, a inclus\u00e3o de seu resultado no sistema RENACH.<\/span><span style=\"font-weight: 400;\"><br \/>\n<\/span><span style=\"font-weight: 400;\"><br \/>\n<\/span><span style=\"font-weight: 400;\">O exame toxicol\u00f3gico \u00e9 realizado atrav\u00e9s da coleta de uma quantidade de cabelo ou pelos e vai determinar a presen\u00e7a ou n\u00e3o de subst\u00e2ncias narc\u00f3ticas e estimulantes (drogas).<\/span><span style=\"font-weight: 400;\"><br \/>\n<\/span><span style=\"font-weight: 400;\"><br \/>\n<\/span><span style=\"font-weight: 400;\">Drogas analisadas: Anfetamina, Metanfetamina, MDA, MDMA, Anfepramona, Femproporex, Mazindol, THC, Carboxi-THC, Coca\u00edna, Benzoilecgonina, Cocaetileno, Norcoca\u00edna, Morfina, Code\u00edna, Hero\u00edna (6-acetilmorfina).<\/span><span style=\"font-weight: 400;\"><br \/>\n<\/span><span style=\"font-weight: 400;\"><br \/>\n<\/span><span style=\"font-weight: 400;\">Janela de detec\u00e7\u00e3o: m\u00ednimo de 90 dias.<\/span>[\/vc_column_text][\/vc_tta_section][vc_tta_section title=&#8221;Toxicol\u00f3gico CLT&#8221; tab_id=&#8221;1654784693574-76747cbd-b35c&#8221;][vc_column_text]<span style=\"font-weight: 400;\">Este teste \u00e9 indicado para exames admissionais, demissionais ou peri\u00f3dicos destinados ao CAGED atendendo a Portaria MTPS N\u00b0 115 de 13 de novembro de 2015.<\/span><span style=\"font-weight: 400;\"><br \/>\n<\/span><span style=\"font-weight: 400;\"><br \/>\n<\/span><span style=\"font-weight: 400;\">O exame toxicol\u00f3gico \u00e9 realizado atrav\u00e9s da coleta de uma quantidade de cabelo ou pelos e vai determinar a presen\u00e7a ou n\u00e3o de subst\u00e2ncias narc\u00f3ticas e estimulantes (drogas).<\/span><span style=\"font-weight: 400;\"><br \/>\n<\/span><span style=\"font-weight: 400;\"><br \/>\n<\/span><span style=\"font-weight: 400;\">Drogas analisadas: Anfetamina, Metanfetamina, MDA, MDMA, Anfepramona, Femproporex, Mazindol, THC, Carboxi-THC, Coca\u00edna, Benzoilecgonina, Cocaetileno, Norcoca\u00edna, Morfina, Code\u00edna, Hero\u00edna (6-acetilmorfina).<\/span><span style=\"font-weight: 400;\"><br \/>\n<\/span><span style=\"font-weight: 400;\"><br \/>\n<\/span><span style=\"font-weight: 400;\">Janela de detec\u00e7\u00e3o: m\u00ednimo de 90 dias.<\/span>[\/vc_column_text][\/vc_tta_section][\/vc_tta_accordion][\/vc_column][\/vc_row][vc_row][vc_column][vc_raw_html]JTNDc3R5bGUlM0UlMEFoNCU3QiUwQSUyMCUyMCUyMCUyMGZvbnQtZmFtaWx5JTNBJTIwJTIyUm9ib3RvJTIyJTJDJTIwSGVsdmV0aWNhJTJDJTIwQXJpYWwlMkMlMjBzYW5zLXNlcmlmJTNCJTBBJTIwJTIwJTIwJTIwZm9udC1zaXplJTNBJTIwMTRweCUyMCUyMWltcG9ydGFudCUzQiUwQSUyMCUyMCUyMCUyMGZvbnQtd2VpZ2h0JTNBJTIwNzAwJTIwJTIxaW1wb3J0YW50JTNCJTBBJTIwJTIwJTIwJTIwbGV0dGVyLXNwYWNpbmclM0ElMjAwJTIwJTIxaW1wb3J0YW50JTNCJTBBJTdEJTBBJTNDJTJGc3R5bGUlM0U=[\/vc_raw_html][\/vc_column][\/vc_row]<\/p>\n","protected":false},"excerpt":{"rendered":"<p>[vc_row][vc_column][vc_tta_accordion shape=&#8221;square&#8221; gap=&#8221;10&#8243; c_icon=&#8221;triangle&#8221; c_position=&#8221;right&#8221; active_section=&#8221;0&#8243; collapsible_all=&#8221;true&#8221;][vc_tta_section title=&#8221;Toxicol\u00f3gico de larga janela de detec\u00e7\u00e3o&#8221; tab_id=&#8221;1654695417569-0b2463bb-b506a5fe-05d4&#8243;][vc_column_text]Este exame \u00e9 destinado \u00e0 renova\u00e7\u00e3o de CNH, mudan\u00e7a de categoria ou primeira habilita\u00e7\u00e3o (conforme Resolu\u00e7\u00e3o 691 do CONTRAN de 27 de setembro de 2017) para as categorias C, D ou E. Antes da coleta \u00e9 necess\u00e1rio que o paciente autorize previamente, &hellip;<\/p>\n","protected":false},"author":1,"featured_media":0,"parent":23,"menu_order":0,"comment_status":"closed","ping_status":"closed","template":"","meta":{"footnotes":""},"acf":[],"_links":{"self":[{"href":"https:\/\/lfleming.com.br\/site\/wp-json\/wp\/v2\/pages\/225"}],"collection":[{"href":"https:\/\/lfleming.com.br\/site\/wp-json\/wp\/v2\/pages"}],"about":[{"href":"https:\/\/lfleming.com.br\/site\/wp-json\/wp\/v2\/types\/page"}],"author":[{"embeddable":true,"href":"https:\/\/lfleming.com.br\/site\/wp-json\/wp\/v2\/users\/1"}],"replies":[{"embeddable":true,"href":"https:\/\/lfleming.com.br\/site\/wp-json\/wp\/v2\/comments?post=225"}],"version-history":[{"count":5,"href":"https:\/\/lfleming.com.br\/site\/wp-json\/wp\/v2\/pages\/225\/revisions"}],"predecessor-version":[{"id":281,"href":"https:\/\/lfleming.com.br\/site\/wp-json\/wp\/v2\/pages\/225\/revisions\/281"}],"up":[{"embeddable":true,"href":"https:\/\/lfleming.com.br\/site\/wp-json\/wp\/v2\/pages\/23"}],"wp:attachment":[{"href":"https:\/\/lfleming.com.br\/site\/wp-json\/wp\/v2\/media?parent=225"}],"curies":[{"name":"wp","href":"https:\/\/api.w.org\/{rel}","templated":true}]}}