{"id":227,"date":"2022-06-08T16:04:20","date_gmt":"2022-06-08T19:04:20","guid":{"rendered":"https:\/\/lfleming.com.br\/site\/?page_id=227"},"modified":"2022-06-09T11:30:01","modified_gmt":"2022-06-09T14:30:01","slug":"teste-de-paternidade-dna","status":"publish","type":"page","link":"https:\/\/lfleming.com.br\/site\/exames\/teste-de-paternidade-dna\/","title":{"rendered":"TESTE DE PATERNIDADE\/DNA"},"content":{"rendered":"<p>[vc_row][vc_column][vc_tta_accordion shape=&#8221;square&#8221; gap=&#8221;10&#8243; c_icon=&#8221;triangle&#8221; c_position=&#8221;right&#8221; active_section=&#8221;0&#8243;][vc_tta_section title=&#8221;Teste de Paternidade\/ DNA (Duo)&#8221; tab_id=&#8221;1654784828446-437e61fa-b45f&#8221;][vc_column_text]<span style=\"font-weight: 400;\">Este \u00e9 um exame de Investiga\u00e7\u00e3o de V\u00ednculo Gen\u00e9tico no qual podem participar um filho(a) requerente com o suposto pai ou com a suposta m\u00e3e.<\/span><span style=\"font-weight: 400;\"><br \/>\n<\/span><span style=\"font-weight: 400;\"><br \/>\n<\/span><span style=\"font-weight: 400;\">Para a realiza\u00e7\u00e3o do teste \u00e9 obrigat\u00f3ria a apresenta\u00e7\u00e3o de documento com foto ou certid\u00e3o de nascimento para menores de idade ou declara\u00e7\u00e3o de nascido vivo com validade de at\u00e9 90 dias ap\u00f3s o nascimento (original e c\u00f3pia). <\/span><span style=\"font-weight: 400;\"><br \/>\n<\/span><span style=\"font-weight: 400;\"><br \/>\n<\/span><span style=\"font-weight: 400;\">\u00c9 imprescind\u00edvel a presen\u00e7a de todos os envolvidos e respons\u00e1veis legais no momento da coleta.<\/span><span style=\"font-weight: 400;\"><br \/>\n<\/span><span style=\"font-weight: 400;\"><br \/>\n<\/span><span style=\"font-weight: 400;\">Quando o teste envolver menores de idade, estes poder\u00e3o realizar o teste somente acompanhados de seu respons\u00e1vel legal com documentos comprobat\u00f3rios.<\/span><span style=\"font-weight: 400;\"><br \/>\n<\/span><span style=\"font-weight: 400;\"><br \/>\n<\/span><span style=\"font-weight: 400;\">Para este exame, o jejum n\u00e3o \u00e9 obrigat\u00f3rio.<\/span><span style=\"font-weight: 400;\"><br \/>\n<\/span><span style=\"font-weight: 400;\"><br \/>\n<\/span><b>Importante: <\/b><b><br \/>\n<\/b><b>&#8211; <\/b><span style=\"font-weight: 400;\">Envolvidos que realizaram transplante de medula \u00f3ssea em algum momento da vida \u00e9 obrigat\u00f3ria a coleta de swab bucal.<\/span><span style=\"font-weight: 400;\"><br \/>\n<\/span><b>&#8211;\u00a0 <\/b><span style=\"font-weight: 400;\">Envolvidos que realizaram transfus\u00e3o sangu\u00ednea nos \u00faltimos seis meses \u00e9 obrigat\u00f3ria a coleta de swab bucal.<\/span>[\/vc_column_text][\/vc_tta_section][vc_tta_section title=&#8221;Teste de paternidade\/ DNA (Trio)&#8221; tab_id=&#8221;1654784828462-5b8109d4-27f4&#8243;][vc_column_text]<span style=\"font-weight: 400;\">Este \u00e9 um exame de Investiga\u00e7\u00e3o de V\u00ednculo Gen\u00e9tico no qual podem participar m\u00e3e, filho(a) requerente e suposto pai.<\/span><span style=\"font-weight: 400;\"><br \/>\n<\/span><span style=\"font-weight: 400;\"><br \/>\n<\/span><span style=\"font-weight: 400;\">Para a realiza\u00e7\u00e3o do teste \u00e9 obrigat\u00f3ria a apresenta\u00e7\u00e3o de documento com foto ou certid\u00e3o de nascimento para menores de idade ou declara\u00e7\u00e3o de nascido vivo com validade de at\u00e9 90 dias ap\u00f3s o nascimento (original e c\u00f3pia). <\/span><span style=\"font-weight: 400;\"><br \/>\n<\/span><span style=\"font-weight: 400;\"><br \/>\n<\/span><span style=\"font-weight: 400;\">\u00c9 imprescind\u00edvel a presen\u00e7a de todos os envolvidos e respons\u00e1veis legais no momento da coleta.<\/span><span style=\"font-weight: 400;\"><br \/>\n<\/span><span style=\"font-weight: 400;\"><br \/>\n<\/span><span style=\"font-weight: 400;\">Quando o teste envolver menores de idade, estes poder\u00e3o realizar o teste somente acompanhados de seu respons\u00e1vel legal com documentos comprobat\u00f3rios.<\/span><span style=\"font-weight: 400;\"><br \/>\n<\/span><span style=\"font-weight: 400;\"><br \/>\n<\/span><span style=\"font-weight: 400;\">Para este exame, o jejum n\u00e3o \u00e9 obrigat\u00f3rio.<\/span><span style=\"font-weight: 400;\"><br \/>\n<\/span><span style=\"font-weight: 400;\"><br \/>\n<\/span><b>Importante: <\/b><b><br \/>\n<\/b><b>&#8211; <\/b><span style=\"font-weight: 400;\">Envolvidos que realizaram transplante de medula \u00f3ssea em algum momento da vida \u00e9 obrigat\u00f3ria a coleta de swab bucal.<\/span><span style=\"font-weight: 400;\"><br \/>\n<\/span><b>&#8211;\u00a0 <\/b><span style=\"font-weight: 400;\">Envolvidos que realizaram transfus\u00e3o sangu\u00ednea nos \u00faltimos seis meses \u00e9 obrigat\u00f3ria a coleta de swab bucal.<\/span>[\/vc_column_text][\/vc_tta_section][\/vc_tta_accordion][\/vc_column][\/vc_row][vc_row][vc_column][vc_raw_html]JTNDc3R5bGUlM0UlMEFoNCU3QiUwQSUyMCUyMCUyMCUyMGZvbnQtZmFtaWx5JTNBJTIwJTIyUm9ib3RvJTIyJTJDJTIwSGVsdmV0aWNhJTJDJTIwQXJpYWwlMkMlMjBzYW5zLXNlcmlmJTNCJTBBJTIwJTIwJTIwJTIwZm9udC1zaXplJTNBJTIwMTRweCUyMCUyMWltcG9ydGFudCUzQiUwQSUyMCUyMCUyMCUyMGZvbnQtd2VpZ2h0JTNBJTIwNzAwJTIwJTIxaW1wb3J0YW50JTNCJTBBJTIwJTIwJTIwJTIwbGV0dGVyLXNwYWNpbmclM0ElMjAwJTIwJTIxaW1wb3J0YW50JTNCJTBBJTdEJTBBJTNDJTJGc3R5bGUlM0U=[\/vc_raw_html][\/vc_column][\/vc_row]<\/p>\n","protected":false},"excerpt":{"rendered":"<p>[vc_row][vc_column][vc_tta_accordion shape=&#8221;square&#8221; gap=&#8221;10&#8243; c_icon=&#8221;triangle&#8221; c_position=&#8221;right&#8221; active_section=&#8221;0&#8243;][vc_tta_section title=&#8221;Teste de Paternidade\/ DNA (Duo)&#8221; tab_id=&#8221;1654784828446-437e61fa-b45f&#8221;][vc_column_text]Este \u00e9 um exame de Investiga\u00e7\u00e3o de V\u00ednculo Gen\u00e9tico no qual podem participar um filho(a) requerente com o suposto pai ou com a suposta m\u00e3e. Para a realiza\u00e7\u00e3o do teste \u00e9 obrigat\u00f3ria a apresenta\u00e7\u00e3o de documento com foto ou certid\u00e3o de nascimento para menores &hellip;<\/p>\n","protected":false},"author":1,"featured_media":0,"parent":23,"menu_order":0,"comment_status":"closed","ping_status":"closed","template":"","meta":{"footnotes":""},"acf":[],"_links":{"self":[{"href":"https:\/\/lfleming.com.br\/site\/wp-json\/wp\/v2\/pages\/227"}],"collection":[{"href":"https:\/\/lfleming.com.br\/site\/wp-json\/wp\/v2\/pages"}],"about":[{"href":"https:\/\/lfleming.com.br\/site\/wp-json\/wp\/v2\/types\/page"}],"author":[{"embeddable":true,"href":"https:\/\/lfleming.com.br\/site\/wp-json\/wp\/v2\/users\/1"}],"replies":[{"embeddable":true,"href":"https:\/\/lfleming.com.br\/site\/wp-json\/wp\/v2\/comments?post=227"}],"version-history":[{"count":6,"href":"https:\/\/lfleming.com.br\/site\/wp-json\/wp\/v2\/pages\/227\/revisions"}],"predecessor-version":[{"id":286,"href":"https:\/\/lfleming.com.br\/site\/wp-json\/wp\/v2\/pages\/227\/revisions\/286"}],"up":[{"embeddable":true,"href":"https:\/\/lfleming.com.br\/site\/wp-json\/wp\/v2\/pages\/23"}],"wp:attachment":[{"href":"https:\/\/lfleming.com.br\/site\/wp-json\/wp\/v2\/media?parent=227"}],"curies":[{"name":"wp","href":"https:\/\/api.w.org\/{rel}","templated":true}]}}