{"id":231,"date":"2022-06-08T16:05:01","date_gmt":"2022-06-08T19:05:01","guid":{"rendered":"https:\/\/lfleming.com.br\/site\/?page_id=231"},"modified":"2022-06-09T11:33:04","modified_gmt":"2022-06-09T14:33:04","slug":"intolerancia-alimentar","status":"publish","type":"page","link":"https:\/\/lfleming.com.br\/site\/exames\/intolerancia-alimentar\/","title":{"rendered":"INTOLER\u00c2NCIA ALIMENTAR"},"content":{"rendered":"<p>[vc_row][vc_column][vc_tta_accordion shape=&#8221;square&#8221; gap=&#8221;10&#8243; c_icon=&#8221;triangle&#8221; c_position=&#8221;right&#8221; active_section=&#8221;1&#8243;][vc_tta_section title=&#8221;Intoler\u00e2ncia alimentar&#8221; tab_id=&#8221;1654779310965-4619c457-59ef6278-b91b&#8221;][vc_column_text]<span style=\"font-weight: 400;\">O exame A200 \u00e9 destinado ao diagn\u00f3stico de intoler\u00e2ncia alimentar e sensibiliza\u00e7\u00f5es contra alimentos e aditivos alimentares que podem levar a problemas de sa\u00fade inespec\u00edficos. <\/span><span style=\"font-weight: 400;\"><br \/>\n<\/span><span style=\"font-weight: 400;\"><br \/>\n<\/span><span style=\"font-weight: 400;\">S\u00e3o mais de 150 sinais e sintomas associados \u00e0 hipersensibilidade, incompatibilidade ou intoler\u00e2ncia alimentar, causando disfun\u00e7\u00f5es gastrointestinais, doen\u00e7as inflamat\u00f3rias da pele, enxaqueca, s\u00edndrome da fadiga cr\u00f4nica, entre outras. <\/span><span style=\"font-weight: 400;\"><br \/>\n<\/span><span style=\"font-weight: 400;\"><br \/>\n<\/span><span style=\"font-weight: 400;\">Se existe algum tipo de sensibiliza\u00e7\u00e3o sobre um elemento, quando ocorre sua ingest\u00e3o, o organismo o reconhece como estranho e o sistema imunol\u00f3gico tenta combat\u00ea-lo, causando diversos sinais, dentre eles um aumento mensur\u00e1vel da concentra\u00e7\u00e3o de IgG, possibilitando a identifica\u00e7\u00e3o da intoler\u00e2ncia ao alimento.<\/span><span style=\"font-weight: 400;\"><br \/>\n<\/span><span style=\"font-weight: 400;\"><br \/>\n<\/span><span style=\"font-weight: 400;\">Para este exame o jejum aconselh\u00e1vel \u00e9 de 4 horas.<\/span><b><br \/>\n<\/b>[\/vc_column_text][\/vc_tta_section][\/vc_tta_accordion][\/vc_column][\/vc_row][vc_row][vc_column][vc_raw_html]JTNDc3R5bGUlM0UlMEFoNCU3QiUwQSUyMCUyMCUyMCUyMGZvbnQtZmFtaWx5JTNBJTIwJTIyUm9ib3RvJTIyJTJDJTIwSGVsdmV0aWNhJTJDJTIwQXJpYWwlMkMlMjBzYW5zLXNlcmlmJTNCJTBBJTIwJTIwJTIwJTIwZm9udC1zaXplJTNBJTIwMTRweCUyMCUyMWltcG9ydGFudCUzQiUwQSUyMCUyMCUyMCUyMGZvbnQtd2VpZ2h0JTNBJTIwNzAwJTIwJTIxaW1wb3J0YW50JTNCJTBBJTIwJTIwJTIwJTIwbGV0dGVyLXNwYWNpbmclM0ElMjAwJTIwJTIxaW1wb3J0YW50JTNCJTBBJTdEJTBBJTNDJTJGc3R5bGUlM0U=[\/vc_raw_html][\/vc_column][\/vc_row]<\/p>\n","protected":false},"excerpt":{"rendered":"<p>[vc_row][vc_column][vc_tta_accordion shape=&#8221;square&#8221; gap=&#8221;10&#8243; c_icon=&#8221;triangle&#8221; c_position=&#8221;right&#8221; active_section=&#8221;1&#8243;][vc_tta_section title=&#8221;Intoler\u00e2ncia alimentar&#8221; tab_id=&#8221;1654779310965-4619c457-59ef6278-b91b&#8221;][vc_column_text]O exame A200 \u00e9 destinado ao diagn\u00f3stico de intoler\u00e2ncia alimentar e sensibiliza\u00e7\u00f5es contra alimentos e aditivos alimentares que podem levar a problemas de sa\u00fade inespec\u00edficos. S\u00e3o mais de 150 sinais e sintomas associados \u00e0 hipersensibilidade, incompatibilidade ou intoler\u00e2ncia alimentar, causando disfun\u00e7\u00f5es gastrointestinais, doen\u00e7as inflamat\u00f3rias da pele, enxaqueca, &hellip;<\/p>\n","protected":false},"author":1,"featured_media":0,"parent":23,"menu_order":0,"comment_status":"closed","ping_status":"closed","template":"","meta":{"footnotes":""},"acf":[],"_links":{"self":[{"href":"https:\/\/lfleming.com.br\/site\/wp-json\/wp\/v2\/pages\/231"}],"collection":[{"href":"https:\/\/lfleming.com.br\/site\/wp-json\/wp\/v2\/pages"}],"about":[{"href":"https:\/\/lfleming.com.br\/site\/wp-json\/wp\/v2\/types\/page"}],"author":[{"embeddable":true,"href":"https:\/\/lfleming.com.br\/site\/wp-json\/wp\/v2\/users\/1"}],"replies":[{"embeddable":true,"href":"https:\/\/lfleming.com.br\/site\/wp-json\/wp\/v2\/comments?post=231"}],"version-history":[{"count":3,"href":"https:\/\/lfleming.com.br\/site\/wp-json\/wp\/v2\/pages\/231\/revisions"}],"predecessor-version":[{"id":288,"href":"https:\/\/lfleming.com.br\/site\/wp-json\/wp\/v2\/pages\/231\/revisions\/288"}],"up":[{"embeddable":true,"href":"https:\/\/lfleming.com.br\/site\/wp-json\/wp\/v2\/pages\/23"}],"wp:attachment":[{"href":"https:\/\/lfleming.com.br\/site\/wp-json\/wp\/v2\/media?parent=231"}],"curies":[{"name":"wp","href":"https:\/\/api.w.org\/{rel}","templated":true}]}}