{"id":233,"date":"2022-06-08T16:05:21","date_gmt":"2022-06-08T19:05:21","guid":{"rendered":"https:\/\/lfleming.com.br\/site\/?page_id=233"},"modified":"2022-06-11T09:49:21","modified_gmt":"2022-06-11T12:49:21","slug":"check-ups","status":"publish","type":"page","link":"https:\/\/lfleming.com.br\/site\/exames\/check-ups\/","title":{"rendered":"CHECK-UPS"},"content":{"rendered":"<p>[vc_row][vc_column width=&#8221;1\/3&#8243;][vc_column_text el_class=&#8221;featured-widget&#8221;]<img decoding=\"async\" loading=\"lazy\" class=\"alignnone wp-image-395 size-medium\" src=\"https:\/\/lfleming.com.br\/site\/wp-content\/uploads\/2022\/06\/Card-Check-up-Homem-300x200.jpg\" alt=\"\" width=\"300\" height=\"200\" srcset=\"https:\/\/lfleming.com.br\/site\/wp-content\/uploads\/2022\/06\/Card-Check-up-Homem-300x200.jpg 300w, https:\/\/lfleming.com.br\/site\/wp-content\/uploads\/2022\/06\/Card-Check-up-Homem-1024x683.jpg 1024w, https:\/\/lfleming.com.br\/site\/wp-content\/uploads\/2022\/06\/Card-Check-up-Homem-768x512.jpg 768w, https:\/\/lfleming.com.br\/site\/wp-content\/uploads\/2022\/06\/Card-Check-up-Homem-360x240.jpg 360w, https:\/\/lfleming.com.br\/site\/wp-content\/uploads\/2022\/06\/Card-Check-up-Homem.jpg 1366w\" sizes=\"(max-width: 300px) 100vw, 300px\" \/><\/p>\n<h3>CHECK-UP HOMEM<\/h3>\n<p><span style=\"font-weight: 400;\">Hemograma, Glicose, Colesterol total, Colesterol HDL, Colesterol LDL, Triglicer\u00eddeos, \u00c1cido \u00farico, Ur\u00e9ia, Creatinina, TGO, TGP, Gama GT, TSH, PSA, Parcial de Urina.<\/span>[\/vc_column_text][\/vc_column][vc_column width=&#8221;1\/3&#8243;][vc_column_text el_class=&#8221;featured-widget&#8221;]<img decoding=\"async\" loading=\"lazy\" class=\"alignnone wp-image-396 size-medium\" src=\"https:\/\/lfleming.com.br\/site\/wp-content\/uploads\/2022\/06\/Card-Check-up-Mulher-300x214.jpg\" alt=\"\" width=\"300\" height=\"214\" srcset=\"https:\/\/lfleming.com.br\/site\/wp-content\/uploads\/2022\/06\/Card-Check-up-Mulher-300x214.jpg 300w, https:\/\/lfleming.com.br\/site\/wp-content\/uploads\/2022\/06\/Card-Check-up-Mulher-1024x732.jpg 1024w, https:\/\/lfleming.com.br\/site\/wp-content\/uploads\/2022\/06\/Card-Check-up-Mulher-768x549.jpg 768w, https:\/\/lfleming.com.br\/site\/wp-content\/uploads\/2022\/06\/Card-Check-up-Mulher-100x70.jpg 100w, https:\/\/lfleming.com.br\/site\/wp-content\/uploads\/2022\/06\/Card-Check-up-Mulher.jpg 1366w\" sizes=\"(max-width: 300px) 100vw, 300px\" \/><\/p>\n<h3>CHECK-UP MULHER<\/h3>\n<p><span style=\"font-weight: 400;\">Hemograma, Glicose, Colesterol total, Colesterol HDL, Colesterol LDL, Triglicer\u00eddeos, \u00c1cido \u00farico, Ur\u00e9ia, Creatinina, TGO, TGP, Gama GT, TSH, FSH, LH, Estradiol, Progesterona, Parcial de Urina<\/span>[\/vc_column_text][\/vc_column][vc_column width=&#8221;1\/3&#8243;][vc_column_text el_class=&#8221;featured-widget&#8221;]<img decoding=\"async\" loading=\"lazy\" class=\"alignnone wp-image-397 size-medium\" src=\"https:\/\/lfleming.com.br\/site\/wp-content\/uploads\/2022\/06\/Card-Check-up-Infantil-300x200.jpg\" alt=\"\" width=\"300\" height=\"200\" srcset=\"https:\/\/lfleming.com.br\/site\/wp-content\/uploads\/2022\/06\/Card-Check-up-Infantil-300x200.jpg 300w, https:\/\/lfleming.com.br\/site\/wp-content\/uploads\/2022\/06\/Card-Check-up-Infantil-1024x683.jpg 1024w, https:\/\/lfleming.com.br\/site\/wp-content\/uploads\/2022\/06\/Card-Check-up-Infantil-768x512.jpg 768w, https:\/\/lfleming.com.br\/site\/wp-content\/uploads\/2022\/06\/Card-Check-up-Infantil-360x240.jpg 360w, https:\/\/lfleming.com.br\/site\/wp-content\/uploads\/2022\/06\/Card-Check-up-Infantil.jpg 1366w\" sizes=\"(max-width: 300px) 100vw, 300px\" \/><\/p>\n<h3>CHECK-UP INFANTIL<\/h3>\n<p><span style=\"font-weight: 400;\">\u200bHemograma, Glicose, Ur\u00e9ia, Creatinina, Colesterol Total, Colesterol HDL, Colesterol LDL, Triglicer\u00eddeos, TGO, TGP, Parcial de Urina e Parasitol\u00f3gico de Fezes.<\/span>[\/vc_column_text][\/vc_column][\/vc_row][vc_row][vc_column width=&#8221;1\/3&#8243;][vc_column_text el_class=&#8221;featured-widget&#8221;]<img decoding=\"async\" loading=\"lazy\" class=\"alignnone wp-image-398 size-medium\" src=\"https:\/\/lfleming.com.br\/site\/wp-content\/uploads\/2022\/06\/Card-Check-up-Coracao-300x200.jpg\" alt=\"\" width=\"300\" height=\"200\" srcset=\"https:\/\/lfleming.com.br\/site\/wp-content\/uploads\/2022\/06\/Card-Check-up-Coracao-300x200.jpg 300w, https:\/\/lfleming.com.br\/site\/wp-content\/uploads\/2022\/06\/Card-Check-up-Coracao-1024x683.jpg 1024w, https:\/\/lfleming.com.br\/site\/wp-content\/uploads\/2022\/06\/Card-Check-up-Coracao-768x512.jpg 768w, https:\/\/lfleming.com.br\/site\/wp-content\/uploads\/2022\/06\/Card-Check-up-Coracao-360x240.jpg 360w, https:\/\/lfleming.com.br\/site\/wp-content\/uploads\/2022\/06\/Card-Check-up-Coracao.jpg 1366w\" sizes=\"(max-width: 300px) 100vw, 300px\" \/><\/p>\n<h3>CHECK-UP CORA\u00c7\u00c3O<\/h3>\n<p><span style=\"font-weight: 400;\">Hemograma, Glicose, Colesterol total, Colesterol HDL, Colesterol LDL, Triglicer\u00eddeos, TGO, TGP, CPK, CKMB.<\/span>[\/vc_column_text][\/vc_column][vc_column width=&#8221;1\/3&#8243;][vc_column_text el_class=&#8221;featured-widget&#8221;]<img decoding=\"async\" loading=\"lazy\" class=\"alignnone wp-image-399 size-medium\" src=\"https:\/\/lfleming.com.br\/site\/wp-content\/uploads\/2022\/06\/Card-Check-up-Fitness-300x200.jpg\" alt=\"\" width=\"300\" height=\"200\" srcset=\"https:\/\/lfleming.com.br\/site\/wp-content\/uploads\/2022\/06\/Card-Check-up-Fitness-300x200.jpg 300w, https:\/\/lfleming.com.br\/site\/wp-content\/uploads\/2022\/06\/Card-Check-up-Fitness-1024x683.jpg 1024w, https:\/\/lfleming.com.br\/site\/wp-content\/uploads\/2022\/06\/Card-Check-up-Fitness-768x512.jpg 768w, https:\/\/lfleming.com.br\/site\/wp-content\/uploads\/2022\/06\/Card-Check-up-Fitness-360x240.jpg 360w, https:\/\/lfleming.com.br\/site\/wp-content\/uploads\/2022\/06\/Card-Check-up-Fitness.jpg 1366w\" sizes=\"(max-width: 300px) 100vw, 300px\" \/><\/p>\n<h3>CHECK-UP FITNESS<\/h3>\n<p><span style=\"font-weight: 400;\">Hemograma, Glicose, Colesterol total, Colesterol HDL, Colesterol LDL, Triglicer\u00eddeos, \u00c1cido \u00farico, Ur\u00e9ia, Creatinina, Parcial de Urina.<\/span>[\/vc_column_text][\/vc_column][vc_column width=&#8221;1\/3&#8243;][vc_column_text el_class=&#8221;featured-widget&#8221;]<img decoding=\"async\" loading=\"lazy\" class=\"alignnone wp-image-400 size-medium\" src=\"https:\/\/lfleming.com.br\/site\/wp-content\/uploads\/2022\/06\/Card-Check-up-Ferias-300x200.jpg\" alt=\"\" width=\"300\" height=\"200\" srcset=\"https:\/\/lfleming.com.br\/site\/wp-content\/uploads\/2022\/06\/Card-Check-up-Ferias-300x200.jpg 300w, https:\/\/lfleming.com.br\/site\/wp-content\/uploads\/2022\/06\/Card-Check-up-Ferias-1024x681.jpg 1024w, https:\/\/lfleming.com.br\/site\/wp-content\/uploads\/2022\/06\/Card-Check-up-Ferias-768x511.jpg 768w, https:\/\/lfleming.com.br\/site\/wp-content\/uploads\/2022\/06\/Card-Check-up-Ferias-360x240.jpg 360w, https:\/\/lfleming.com.br\/site\/wp-content\/uploads\/2022\/06\/Card-Check-up-Ferias.jpg 1366w\" sizes=\"(max-width: 300px) 100vw, 300px\" \/><\/p>\n<h3>CHECK-UP F\u00c9RIAS<\/h3>\n<p><span style=\"font-weight: 400;\">Hemograma, Glicose, Colesterol total, Colesterol HDL, Colesterol LDL, Triglicer\u00eddeos, Ur\u00e9ia, Creatinina, Parcial de Urina.<\/span>[\/vc_column_text][\/vc_column][\/vc_row][vc_row][vc_column width=&#8221;1\/3&#8243;][vc_column_text el_class=&#8221;featured-widget&#8221;]<img decoding=\"async\" loading=\"lazy\" class=\"alignnone wp-image-401 size-medium\" src=\"https:\/\/lfleming.com.br\/site\/wp-content\/uploads\/2022\/06\/Card-Check-up-Alergia-300x200.jpg\" alt=\"\" width=\"300\" height=\"200\" srcset=\"https:\/\/lfleming.com.br\/site\/wp-content\/uploads\/2022\/06\/Card-Check-up-Alergia-300x200.jpg 300w, https:\/\/lfleming.com.br\/site\/wp-content\/uploads\/2022\/06\/Card-Check-up-Alergia-1024x683.jpg 1024w, https:\/\/lfleming.com.br\/site\/wp-content\/uploads\/2022\/06\/Card-Check-up-Alergia-768x512.jpg 768w, https:\/\/lfleming.com.br\/site\/wp-content\/uploads\/2022\/06\/Card-Check-up-Alergia-360x240.jpg 360w, https:\/\/lfleming.com.br\/site\/wp-content\/uploads\/2022\/06\/Card-Check-up-Alergia.jpg 1366w\" sizes=\"(max-width: 300px) 100vw, 300px\" \/><\/p>\n<h3>CHECK-UP ALERGIA<\/h3>\n<p><span style=\"font-weight: 400;\">Hemograma, IgE Total, IgE Espec\u00edfico Alimentos Marinhos (fx2), IgE Espec\u00edfico Carne Bovina (f27), IgE Espec\u00edfico Carne de Porco (f26), IgE Espec\u00edfico Carne de Frango (f83), IgE Espec\u00edfico Gl\u00faten (f79), IgE Rast Cacau (f93), IgE Espec\u00edfico Poeira (hx2).<\/span>[\/vc_column_text][\/vc_column][vc_column width=&#8221;1\/3&#8243;][vc_column_text el_class=&#8221;featured-widget&#8221;]<img decoding=\"async\" loading=\"lazy\" class=\"alignnone wp-image-402 size-medium\" src=\"https:\/\/lfleming.com.br\/site\/wp-content\/uploads\/2022\/06\/Card-Ckeck-up-DST-300x200.jpg\" alt=\"\" width=\"300\" height=\"200\" srcset=\"https:\/\/lfleming.com.br\/site\/wp-content\/uploads\/2022\/06\/Card-Ckeck-up-DST-300x200.jpg 300w, https:\/\/lfleming.com.br\/site\/wp-content\/uploads\/2022\/06\/Card-Ckeck-up-DST-1024x683.jpg 1024w, https:\/\/lfleming.com.br\/site\/wp-content\/uploads\/2022\/06\/Card-Ckeck-up-DST-768x512.jpg 768w, https:\/\/lfleming.com.br\/site\/wp-content\/uploads\/2022\/06\/Card-Ckeck-up-DST-360x240.jpg 360w, https:\/\/lfleming.com.br\/site\/wp-content\/uploads\/2022\/06\/Card-Ckeck-up-DST.jpg 1366w\" sizes=\"(max-width: 300px) 100vw, 300px\" \/><\/p>\n<h3>CHECK-UP DST<\/h3>\n<p><span style=\"font-weight: 400;\">Hemograma, HBSAG, HCV, HIV, VDRL.<\/span>[\/vc_column_text][\/vc_column][vc_column width=&#8221;1\/3&#8243;][vc_column_text el_class=&#8221;featured-widget&#8221;]<img decoding=\"async\" loading=\"lazy\" class=\"alignnone wp-image-403 size-medium\" src=\"https:\/\/lfleming.com.br\/site\/wp-content\/uploads\/2022\/06\/Card-Check-up-outubro-rosa-300x202.jpg\" alt=\"\" width=\"300\" height=\"202\" srcset=\"https:\/\/lfleming.com.br\/site\/wp-content\/uploads\/2022\/06\/Card-Check-up-outubro-rosa-300x202.jpg 300w, https:\/\/lfleming.com.br\/site\/wp-content\/uploads\/2022\/06\/Card-Check-up-outubro-rosa-1024x691.jpg 1024w, https:\/\/lfleming.com.br\/site\/wp-content\/uploads\/2022\/06\/Card-Check-up-outubro-rosa-768x518.jpg 768w, https:\/\/lfleming.com.br\/site\/wp-content\/uploads\/2022\/06\/Card-Check-up-outubro-rosa.jpg 1366w\" sizes=\"(max-width: 300px) 100vw, 300px\" \/><\/p>\n<h3>CHECK-UP OUTUBRO ROSA<\/h3>\n<p><span style=\"font-weight: 400;\">Hemograma, Colesterol Total, Colesterol HDL, Colesterol LDL, Colesterol VLDL, Glicemia, Triglicer\u00eddeos, Creatinina, TGO, TGP, TSH, Vitamina D, Preventivo.<\/span>[\/vc_column_text][\/vc_column][\/vc_row][vc_row][vc_column width=&#8221;1\/3&#8243;][vc_column_text el_class=&#8221;featured-widget&#8221;]<img decoding=\"async\" loading=\"lazy\" class=\"alignnone wp-image-404 size-medium\" src=\"https:\/\/lfleming.com.br\/site\/wp-content\/uploads\/2022\/06\/Card-Check-up-Novembro-Azul-300x225.jpg\" alt=\"\" width=\"300\" height=\"225\" srcset=\"https:\/\/lfleming.com.br\/site\/wp-content\/uploads\/2022\/06\/Card-Check-up-Novembro-Azul-300x225.jpg 300w, https:\/\/lfleming.com.br\/site\/wp-content\/uploads\/2022\/06\/Card-Check-up-Novembro-Azul-1024x768.jpg 1024w, https:\/\/lfleming.com.br\/site\/wp-content\/uploads\/2022\/06\/Card-Check-up-Novembro-Azul-768x576.jpg 768w, https:\/\/lfleming.com.br\/site\/wp-content\/uploads\/2022\/06\/Card-Check-up-Novembro-Azul.jpg 1366w\" sizes=\"(max-width: 300px) 100vw, 300px\" \/><\/p>\n<h3>CHECK-UP NOVEMBRO AZUL<\/h3>\n<p><span style=\"font-weight: 400;\">Hemograma, Glicose, Colesterol Total, Colesterol HDL, Colesterol LDL, Triglicer\u00eddeos, Ur\u00e9ia, Creatinina, Vitamina D, PSA, TSH.<\/span>[\/vc_column_text][\/vc_column][vc_column width=&#8221;1\/3&#8243;][\/vc_column][vc_column width=&#8221;1\/3&#8243;][\/vc_column][\/vc_row][vc_row][vc_column][vc_raw_html]JTNDc3R5bGUlM0UlMEFoNCU3QiUwQSUyMCUyMCUyMCUyMGZvbnQtZmFtaWx5JTNBJTIwJTIyUm9ib3RvJTIyJTJDJTIwSGVsdmV0aWNhJTJDJTIwQXJpYWwlMkMlMjBzYW5zLXNlcmlmJTNCJTBBJTIwJTIwJTIwJTIwZm9udC1zaXplJTNBJTIwMTRweCUyMCUyMWltcG9ydGFudCUzQiUwQSUyMCUyMCUyMCUyMGZvbnQtd2VpZ2h0JTNBJTIwNzAwJTIwJTIxaW1wb3J0YW50JTNCJTBBJTIwJTIwJTIwJTIwbGV0dGVyLXNwYWNpbmclM0ElMjAwJTIwJTIxaW1wb3J0YW50JTNCJTBBJTdEJTBBJTNDJTJGc3R5bGUlM0U=[\/vc_raw_html][\/vc_column][\/vc_row]<\/p>\n","protected":false},"excerpt":{"rendered":"<p>[vc_row][vc_column width=&#8221;1\/3&#8243;][vc_column_text el_class=&#8221;featured-widget&#8221;] CHECK-UP HOMEM Hemograma, Glicose, Colesterol total, Colesterol HDL, Colesterol LDL, Triglicer\u00eddeos, \u00c1cido \u00farico, Ur\u00e9ia, Creatinina, TGO, TGP, Gama GT, TSH, PSA, Parcial de Urina.[\/vc_column_text][\/vc_column][vc_column width=&#8221;1\/3&#8243;][vc_column_text el_class=&#8221;featured-widget&#8221;] CHECK-UP MULHER Hemograma, Glicose, Colesterol total, Colesterol HDL, Colesterol LDL, Triglicer\u00eddeos, \u00c1cido \u00farico, Ur\u00e9ia, Creatinina, TGO, TGP, Gama GT, TSH, FSH, LH, Estradiol, Progesterona, Parcial de &hellip;<\/p>\n","protected":false},"author":1,"featured_media":0,"parent":23,"menu_order":0,"comment_status":"closed","ping_status":"closed","template":"","meta":{"footnotes":""},"acf":[],"_links":{"self":[{"href":"https:\/\/lfleming.com.br\/site\/wp-json\/wp\/v2\/pages\/233"}],"collection":[{"href":"https:\/\/lfleming.com.br\/site\/wp-json\/wp\/v2\/pages"}],"about":[{"href":"https:\/\/lfleming.com.br\/site\/wp-json\/wp\/v2\/types\/page"}],"author":[{"embeddable":true,"href":"https:\/\/lfleming.com.br\/site\/wp-json\/wp\/v2\/users\/1"}],"replies":[{"embeddable":true,"href":"https:\/\/lfleming.com.br\/site\/wp-json\/wp\/v2\/comments?post=233"}],"version-history":[{"count":8,"href":"https:\/\/lfleming.com.br\/site\/wp-json\/wp\/v2\/pages\/233\/revisions"}],"predecessor-version":[{"id":405,"href":"https:\/\/lfleming.com.br\/site\/wp-json\/wp\/v2\/pages\/233\/revisions\/405"}],"up":[{"embeddable":true,"href":"https:\/\/lfleming.com.br\/site\/wp-json\/wp\/v2\/pages\/23"}],"wp:attachment":[{"href":"https:\/\/lfleming.com.br\/site\/wp-json\/wp\/v2\/media?parent=233"}],"curies":[{"name":"wp","href":"https:\/\/api.w.org\/{rel}","templated":true}]}}