{"id":264,"date":"2022-06-09T09:55:41","date_gmt":"2022-06-09T12:55:41","guid":{"rendered":"https:\/\/lfleming.com.br\/site\/?page_id=264"},"modified":"2022-06-09T09:57:31","modified_gmt":"2022-06-09T12:57:31","slug":"perguntas-frequentes","status":"publish","type":"page","link":"https:\/\/lfleming.com.br\/site\/perguntas-frequentes\/","title":{"rendered":"PERGUNTAS FREQUENTES"},"content":{"rendered":"<p>[vc_row][vc_column][vc_tta_accordion shape=&#8221;square&#8221; gap=&#8221;10&#8243; c_icon=&#8221;triangle&#8221; c_position=&#8221;right&#8221; active_section=&#8221;0&#8243; collapsible_all=&#8221;true&#8221;][vc_tta_section title=&#8221;Exames de sangue s\u00e3o realizados sempre em jejum?&#8221; tab_id=&#8221;1654695417569-0b2463bb-b506&#8243;][vc_column_text]Nem todos. Alguns exames como glicemia e triglicer\u00eddeos exigem que voc\u00ea permane\u00e7a sem comer durante algum tempo, j\u00e1 no hemograma simples, n\u00e3o existe essa necessidade. Seguindo a boa pr\u00e1tica laboratorial, recomenda-se o m\u00ednimo de quatro horas de jejum para um adulto, por isso \u00e9 sempre importante consultar as condi\u00e7\u00f5es ideais para a realiza\u00e7\u00e3o de cada exame.[\/vc_column_text][\/vc_tta_section][vc_tta_section title=&#8221;Exames que exigem jejum s\u00e3o feitos sempre de manh\u00e3?&#8221; tab_id=&#8221;1654695417620-20bd6d2b-ca99&#8243;][vc_column_text]Normalmente as coletas s\u00e3o realizadas pela manh\u00e3, entretanto n\u00e3o existe contra-indica\u00e7\u00e3o formal de coleta no per\u00edodo da tarde, salvo aqueles par\u00e2metros que sofrem modifica\u00e7\u00f5es significativas no decorrer do dia (exemplo: cortisol, TSH, ACTH, ferro, etc.). Assim, obedecendo-se ao tempo estipulado de jejum, alguns exames podem ser colhidos \u00e0 tarde tamb\u00e9m, desde que informado no laudo, o hor\u00e1rio de coleta.[\/vc_column_text][\/vc_tta_section][vc_tta_section title=&#8221;\u00c1gua &#8220;quebra&#8220; o jejum?&#8221; tab_id=&#8221;1654695417668-1e3410bc-ed69&#8243;][vc_column_text]N\u00e3o, a ingest\u00e3o de pequenas quantidades de \u00e1gua durante o jejum, n\u00e3o prejudica a realiza\u00e7\u00e3o de exames de sangue. Entretanto, se ingerida em excesso, pode interferir nos exames de urina.[\/vc_column_text][\/vc_tta_section][vc_tta_section title=&#8221;Posso tomar caf\u00e9 puro durante o jejum?&#8221; tab_id=&#8221;1654695417748-a6fb0ae2-93b8&#8243;][vc_column_text]N\u00e3o. Diferentemente da \u00e1gua, a ingest\u00e3o de caf\u00e9 pode causar interfer\u00eancia nos resultados de determinados exames.[\/vc_column_text][\/vc_tta_section][vc_tta_section title=&#8221;Posso fumar antes da coleta?&#8221; tab_id=&#8221;1654695417800-46eee3d9-bee8&#8243;][vc_column_text]N\u00e3o. O fumo pode elevar a concentra\u00e7\u00e3o de subst\u00e2ncias como adrenalina, aldosterona, cortisol, ant\u00edgeno carcinoembrion\u00e1rio, hemoglobinas, leuc\u00f3citos, hem\u00e1cias e volume corpuscular m\u00e9dio. E ainda, o tabagismo causa redu\u00e7\u00e3o na concentra\u00e7\u00e3o de HDL-colesterol. Por isso, o ideal \u00e9 n\u00e3o fumar no dia da coleta.[\/vc_column_text][\/vc_tta_section][vc_tta_section title=&#8221;Em exames de fezes, a pessoa precisa estar em jejum para a coleta?&#8221; tab_id=&#8221;1654695417859-3afb9464-eab1&#8243;][vc_column_text]N\u00e3o. Tamb\u00e9m n\u00e3o precisa ser a primeira evacua\u00e7\u00e3o do dia. O importante \u00e9 que n\u00e3o se tenha ingerido laxante e as fezes n\u00e3o estejam contaminadas com urina. Lembre de coletar diretamente em frascos pr\u00f3prios para este fim.[\/vc_column_text][\/vc_tta_section][vc_tta_section title=&#8221;A bebida alco\u00f3lica pode alterar os resultados de exames?&#8221; tab_id=&#8221;1654695417902-20a2d637-86bb&#8221;][vc_column_text]Mesmo o consumo espor\u00e1dico de etanol, \u00e1lcool encontrado nas bebidas, pode causar altera\u00e7\u00f5es significativas em, por exemplo, glicose, \u00e1cido l\u00e1ctico e triglicer\u00eddeos. Por isso, o ideal \u00e9 ficar tr\u00eas dias antes da coleta, sem ingerir qualquer tipo de bebida alco\u00f3lica.[\/vc_column_text][\/vc_tta_section][vc_tta_section title=&#8221;Posso fazer exame de sangue com gripe, resfriado ou febre?&#8221; tab_id=&#8221;1654695417948-97c967ea-f8c8&#8243;][vc_column_text]Claro. N\u00e3o existe qualquer contraindica\u00e7\u00e3o para realiza\u00e7\u00e3o de exames nessas condi\u00e7\u00f5es.[\/vc_column_text][\/vc_tta_section][vc_tta_section title=&#8221;Rem\u00e9dios interferem nos resultados de exames laboratoriais?&#8221; tab_id=&#8221;1654695417994-7c3a6254-070d&#8221;][vc_column_text]V\u00e1rios medicamentos podem interferir em exames laboratoriais, e, por esse motivo, o uso de medicamentos deve ser informado \u00e0s recepcionistas do laborat\u00f3rio. A suspens\u00e3o de qualquer medicamento, antes da coleta de exames, s\u00f3 pode ser feita por seu m\u00e9dico.[\/vc_column_text][\/vc_tta_section][vc_tta_section title=&#8221;Por que quando se tira sangue para exame, \u00e0s vezes o local fica roxo?&#8221; tab_id=&#8221;1654695418034-f42eaba4-ce4a&#8221;][vc_column_text]Isso pode ocorrer por diversos motivos, dentre eles veias finas, delicadas ou com muita press\u00e3o. Tamb\u00e9m acontece se o paciente est\u00e1 usando algum medicamento que altera a coagula\u00e7\u00e3o do sangue. O hematoma pode aparecer tamb\u00e9m no caso de esfor\u00e7o f\u00edsico, como levantar pesos ou dobrar o bra\u00e7o ap\u00f3s a retirada da agulha. Compressas frias podem ser utilizadas por 24 horas para auxiliar a reduzir a dor local e a progress\u00e3o do hematoma.[\/vc_column_text][\/vc_tta_section][vc_tta_section title=&#8221;Um homem pode fazer beta-HCG?&#8221; tab_id=&#8221;1654779209543-660f70c0-0f59&#8243;][vc_column_text]Sim. Alguns tumores de test\u00edculo produzem este horm\u00f4nio, que pode ser usado como marcador para acompanhamento do tratamento e progn\u00f3stico da doen\u00e7a.[\/vc_column_text][\/vc_tta_section][vc_tta_section title=&#8221;No caso de exame de urina, preciso coletar a &#8220;primeira da manh\u00e3&#8220;?&#8221; tab_id=&#8221;1654779232205-3781e96a-01d5&#8243;][vc_column_text]Algumas caracter\u00edsticas da urina modificam-se ao longo do dia, em raz\u00e3o do jejum, do tipo de dieta, da atividade f\u00edsica e do uso de medicamentos, por isso, geralmente recomenda-se a primeira urina da manh\u00e3.[\/vc_column_text][\/vc_tta_section][vc_tta_section title=&#8221;Por que devemos desprezar o primeiro jato de urina quando fazemos o exame?&#8221; tab_id=&#8221;1654779258814-4e343d65-263a&#8221;][vc_column_text]O primeiro jato de urina traz c\u00e9lulas e secre\u00e7\u00f5es que podem estar presentes na uretra, principalmente se existir um processo inflamat\u00f3rio e\/ou infeccioso chamado uretrite. Quando se est\u00e1 preocupado com uma poss\u00edvel infec\u00e7\u00e3o urin\u00e1ria, \u00e9 importante que o material examinado n\u00e3o seja &#8220;contaminado&#8221; com o que estiver na uretra.[\/vc_column_text][\/vc_tta_section][vc_tta_section title=&#8221;Posso fazer exame de urina, mesmo estando menstruada?&#8221; tab_id=&#8221;1654779283519-936129d4-8345&#8243;][vc_column_text]O ideal \u00e9 fazer o exame fora do per\u00edodo menstrual, contudo, nos casos de urg\u00eancia a coleta pode ser realizada, tomando o cuidado com a higiene para evitar que o sangue se misture \u00e0 urina.[\/vc_column_text][\/vc_tta_section][vc_tta_section title=&#8221;Outra pessoa poder\u00e1 retirar meus resultados sem comprovante e independente de qual exame tenha feito?&#8221; tab_id=&#8221;1654779310965-4619c457-59ef&#8221;][vc_column_text]N\u00e3o, apenas algu\u00e9m portando o protocolo de retirada e documento pessoal pode retirar os resultados. Voc\u00ea poder\u00e1 tamb\u00e9m acessar os resultados atrav\u00e9s de nosso site, para maior comodidade.[\/vc_column_text][\/vc_tta_section][\/vc_tta_accordion][\/vc_column][\/vc_row][vc_row][vc_column][vc_raw_html]JTNDc3R5bGUlM0UlMEFoNCU3QiUwQSUyMCUyMCUyMCUyMGZvbnQtZmFtaWx5JTNBJTIwJTIyUm9ib3RvJTIyJTJDJTIwSGVsdmV0aWNhJTJDJTIwQXJpYWwlMkMlMjBzYW5zLXNlcmlmJTNCJTBBJTIwJTIwJTIwJTIwZm9udC1zaXplJTNBJTIwMTRweCUyMCUyMWltcG9ydGFudCUzQiUwQSUyMCUyMCUyMCUyMGZvbnQtd2VpZ2h0JTNBJTIwNzAwJTIwJTIxaW1wb3J0YW50JTNCJTBBJTIwJTIwJTIwJTIwbGV0dGVyLXNwYWNpbmclM0ElMjAwJTIwJTIxaW1wb3J0YW50JTNCJTBBJTdEJTBBJTNDJTJGc3R5bGUlM0U=[\/vc_raw_html][\/vc_column][\/vc_row]<\/p>\n","protected":false},"excerpt":{"rendered":"<p>[vc_row][vc_column][vc_tta_accordion shape=&#8221;square&#8221; gap=&#8221;10&#8243; c_icon=&#8221;triangle&#8221; c_position=&#8221;right&#8221; active_section=&#8221;0&#8243; collapsible_all=&#8221;true&#8221;][vc_tta_section title=&#8221;Exames de sangue s\u00e3o realizados sempre em jejum?&#8221; tab_id=&#8221;1654695417569-0b2463bb-b506&#8243;][vc_column_text]Nem todos. Alguns exames como glicemia e triglicer\u00eddeos exigem que voc\u00ea permane\u00e7a sem comer durante algum tempo, j\u00e1 no hemograma simples, n\u00e3o existe essa necessidade. Seguindo a boa pr\u00e1tica laboratorial, recomenda-se o m\u00ednimo de quatro horas de jejum para um &hellip;<\/p>\n","protected":false},"author":1,"featured_media":0,"parent":0,"menu_order":0,"comment_status":"closed","ping_status":"closed","template":"","meta":{"footnotes":""},"acf":[],"_links":{"self":[{"href":"https:\/\/lfleming.com.br\/site\/wp-json\/wp\/v2\/pages\/264"}],"collection":[{"href":"https:\/\/lfleming.com.br\/site\/wp-json\/wp\/v2\/pages"}],"about":[{"href":"https:\/\/lfleming.com.br\/site\/wp-json\/wp\/v2\/types\/page"}],"author":[{"embeddable":true,"href":"https:\/\/lfleming.com.br\/site\/wp-json\/wp\/v2\/users\/1"}],"replies":[{"embeddable":true,"href":"https:\/\/lfleming.com.br\/site\/wp-json\/wp\/v2\/comments?post=264"}],"version-history":[{"count":2,"href":"https:\/\/lfleming.com.br\/site\/wp-json\/wp\/v2\/pages\/264\/revisions"}],"predecessor-version":[{"id":266,"href":"https:\/\/lfleming.com.br\/site\/wp-json\/wp\/v2\/pages\/264\/revisions\/266"}],"wp:attachment":[{"href":"https:\/\/lfleming.com.br\/site\/wp-json\/wp\/v2\/media?parent=264"}],"curies":[{"name":"wp","href":"https:\/\/api.w.org\/{rel}","templated":true}]}}